{"id":1825,"date":"2019-04-01T12:34:17","date_gmt":"2019-04-01T11:34:17","guid":{"rendered":"https:\/\/fundacio.udl.cat\/presentation\/"},"modified":"2026-04-08T14:31:44","modified_gmt":"2026-04-08T13:31:44","slug":"presentation","status":"publish","type":"page","link":"https:\/\/fundacio.udl.cat\/fr\/presentation\/","title":{"rendered":"Pr\u00e9sentation"},"content":{"rendered":"<p>[et_pb_section fb_built=\u00a0\u00bb1&Prime; custom_padding_last_edited=\u00a0\u00bbon|tablet\u00a0\u00bb admin_label=\u00a0\u00bbCap\u00e7alera Fundaci\u00f3 UdL -NO CAL EDITAR-\u00a0\u00bb _builder_version=\u00a0\u00bb4.16&Prime; use_background_color_gradient=\u00a0\u00bbon\u00a0\u00bb background_color_gradient_stops=\u00a0\u00bbrgba(0,0,0,0.2) 0%|rgba(41,196,169,0) 60%\u00a0\u00bb background_color_gradient_overlays_image=\u00a0\u00bbon\u00a0\u00bb background_color_gradient_start=\u00a0\u00bbrgba(0,0,0,0.2)\u00a0\u00bb background_color_gradient_end=\u00a0\u00bbrgba(41,196,169,0)\u00a0\u00bb background_color_gradient_end_position=\u00a0\u00bb60%\u00a0\u00bb background_image=\u00a0\u00bbhttps:\/\/fundacio.udl.cat\/wp-content\/uploads\/pere-cabrera_2-scaled.jpg\u00a0\u00bb background_position=\u00a0\u00bbcenter_right\u00a0\u00bb custom_padding=\u00a0\u00bb60px||10px\u00a0\u00bb custom_padding_tablet=\u00a0\u00bb10px||10px\u00a0\u00bb custom_padding_phone=\u00a0\u00bb\u00a0\u00bb background_color_gradient_stops_tablet=\u00a0\u00bbrgba(0,0,0,0.2) 0%|rgba(41,196,169,0) 60%\u00a0\u00bb background_color_gradient_stops_phone=\u00a0\u00bbrgba(0,0,0,0.2) 0%|rgba(41,196,169,0) 60%\u00a0\u00bb global_module=\u00a0\u00bb226&Prime; collapsed=\u00a0\u00bbon\u00a0\u00bb global_colors_info=\u00a0\u00bb{}\u00a0\u00bb][et_pb_row _builder_version=\u00a0\u00bb4.16&Prime; background_size=\u00a0\u00bbinitial\u00a0\u00bb background_position=\u00a0\u00bbtop_left\u00a0\u00bb background_repeat=\u00a0\u00bbrepeat\u00a0\u00bb global_colors_info=\u00a0\u00bb{}\u00a0\u00bb][et_pb_column type=\u00a0\u00bb4_4&Prime; _builder_version=\u00a0\u00bb4.16&Prime; custom_padding=\u00a0\u00bb|||\u00a0\u00bb global_colors_info=\u00a0\u00bb{}\u00a0\u00bb custom_padding__hover=\u00a0\u00bb|||\u00a0\u00bb]<\/p>\n<p>[et_pb_post_title meta=\u00a0\u00bboff\u00a0\u00bb featured_image=\u00a0\u00bboff\u00a0\u00bb _builder_version=\u00a0\u00bb4.0.6&Prime; title_font=\u00a0\u00bb||||||||\u00a0\u00bb title_text_color=\u00a0\u00bb#ffffff\u00a0\u00bb title_font_size=\u00a0\u00bb3em\u00a0\u00bb title_font_size_tablet=\u00a0\u00bb2.5em\u00a0\u00bb title_font_size_phone=\u00a0\u00bb2em\u00a0\u00bb title_font_size_last_edited=\u00a0\u00bbon|phone\u00a0\u00bb title_text_shadow_style=\u00a0\u00bbpreset3&Prime;][\/et_pb_post_title]<\/p>\n<p>[\/et_pb_column][\/et_pb_row][\/et_pb_section][et_pb_section fb_built=\u00a0\u00bb1&Prime; _builder_version=\u00a0\u00bb4.16&Prime; global_colors_info=\u00a0\u00bb{}\u00a0\u00bb][et_pb_row column_structure=\u00a0\u00bb3_5,2_5&Prime; _builder_version=\u00a0\u00bb4.16&Prime; global_colors_info=\u00a0\u00bb{}\u00a0\u00bb][et_pb_column type=\u00a0\u00bb3_5&Prime; _builder_version=\u00a0\u00bb4.16&Prime; custom_padding=\u00a0\u00bb|||\u00a0\u00bb global_colors_info=\u00a0\u00bb{}\u00a0\u00bb custom_padding__hover=\u00a0\u00bb|||\u00a0\u00bb][et_pb_text admin_label=\u00a0\u00bbText\u00a0\u00bb _builder_version=\u00a0\u00bb4.16&Prime; global_colors_info=\u00a0\u00bb{}\u00a0\u00bb]La Fondation Universit\u00e9 de Lleida est une organisation \u00e0 but non lucratif qui, suivant la volont\u00e9 de l\u2019Universit\u00e9, vise \u00e0 atteindre des objectifs d\u2019int\u00e9r\u00eat g\u00e9n\u00e9ral dont b\u00e9n\u00e9ficieront <strong>la communaut\u00e9 universitaire et la soci\u00e9t\u00e9<\/strong>.<\/p>\n<p>Parmi les objectifs d\u2019int\u00e9r\u00eat g\u00e9n\u00e9ral de la Fondation figurent<strong> la promotion des relations entre l\u2019Universit\u00e9 de Lleida et son entourage socio-\u00e9conomique et culturel<\/strong>, encourageant ainsi la <strong>recherche<\/strong> scientifique, humaniste et technique, de m\u00eame que la promotion de <strong>l\u2019innovation technologique<\/strong> en relation avec les entreprises et le d\u00e9veloppement de la soci\u00e9t\u00e9.<br \/>\n[\/et_pb_text][et_pb_button button_url=\u00a0\u00bbhttps:\/\/fundacio.udl.cat\/wp-content\/uploads\/Estatuts-Fundacio-UdL.pdf\u00a0\u00bb url_new_window=\u00a0\u00bbon\u00a0\u00bb button_text=\u00a0\u00bbStatuts (PDF)\u00a0\u00bb admin_label=\u00a0\u00bbEstatuts (PDF)\u00a0\u00bb _builder_version=\u00a0\u00bb4.25.0&Prime; background_layout=\u00a0\u00bbdark\u00a0\u00bb global_colors_info=\u00a0\u00bb{}\u00a0\u00bb]<br \/>\n[\/et_pb_button][et_pb_image src=\u00a0\u00bbhttps:\/\/fundacio.udl.cat\/wp-content\/uploads\/interior_2-scaled.jpg\u00a0\u00bb align_tablet=\u00a0\u00bbcenter\u00a0\u00bb align_phone=\u00a0\u00bb\u00a0\u00bb align_last_edited=\u00a0\u00bbon|desktop\u00a0\u00bb admin_label=\u00a0\u00bbImatge\u00a0\u00bb _builder_version=\u00a0\u00bb4.16&Prime; global_colors_info=\u00a0\u00bb{}\u00a0\u00bb]<br \/>\n[\/et_pb_image][\/et_pb_column][et_pb_column type=\u00a0\u00bb2_5&Prime; _builder_version=\u00a0\u00bb4.16&Prime; custom_padding=\u00a0\u00bb|||\u00a0\u00bb global_colors_info=\u00a0\u00bb{}\u00a0\u00bb custom_padding__hover=\u00a0\u00bb|||\u00a0\u00bb][et_pb_text admin_label=\u00a0\u00bbEstructura\u00a0\u00bb _builder_version=\u00a0\u00bb4.25.0&Prime; hover_enabled=\u00a0\u00bb0&Prime; global_colors_info=\u00a0\u00bb{}\u00a0\u00bb sticky_enabled=\u00a0\u00bb0&Prime;]<\/p>\n<h2>Structure<\/h2>\n<p>L\u2019administration, gestion ou repr\u00e9sentation de la Fondation, est assur\u00e9e par les organes de gestion suivants\u00a0:<\/p>\n<ul>\n<li>Conseil d&rsquo;administration<\/li>\n<li>Direction<\/li>\n<\/ul>\n<h4>CONSEIL D&rsquo;ADMINISTRATION<\/h4>\n<ul>\n<li>M. \u00c0ngels Balsells Bail\u00f3n, Pr\u00e9sidente<\/li>\n<li>M. Carmen Chia Forradellas, Vice-pr\u00e9sidente<\/li>\n<li>C\u00e9sar Cierco Seira, Secr\u00e9taire<\/li>\n<li>Carles Alsinet Mora<\/li>\n<li>Ferran Badia Pascual<\/li>\n<li>Guillem Boira Herreros<\/li>\n<li>Joan Caba Muntada<\/li>\n<li>M. Teresa Calder\u00f3 Peralta<\/li>\n<li>Maria Pau Cornad\u00f3 Teixid\u00f3<\/li>\n<li>M. Ant\u00f2nia Mart\u00ed Teruel<\/li>\n<li>Eva Mart\u00edn Fuentes<\/li>\n<li>Jaume Salt\u00f3 Albareda<\/li>\n<li>Vanesa Sams\u00f3 Casals<\/li>\n<li>Josep Maria Sent\u00eds Su\u00f1\u00e9<\/li>\n<li>Dom\u00e8nec Vila Navarra<\/li>\n<\/ul>\n<h4>DIRECTION<\/h4>\n<ul>\n<li>Merc\u00e8 Balcells Fluvi\u00e0<\/li>\n<\/ul>\n<p>[\/et_pb_text][\/et_pb_column][\/et_pb_row][\/et_pb_section]<\/p>\n","protected":false},"excerpt":{"rendered":"<p>La Fondation Universit\u00e9 de Lleida est une organisation \u00e0 but non lucratif qui, suivant la volont\u00e9 de l\u2019Universit\u00e9, vise \u00e0 atteindre des objectifs d\u2019int\u00e9r\u00eat g\u00e9n\u00e9ral dont b\u00e9n\u00e9ficieront la communaut\u00e9 universitaire et la soci\u00e9t\u00e9. Parmi les objectifs d\u2019int\u00e9r\u00eat g\u00e9n\u00e9ral de la Fondation figurent la promotion des relations entre l\u2019Universit\u00e9 de Lleida et son entourage socio-\u00e9conomique et [&hellip;]<\/p>\n","protected":false},"author":6,"featured_media":0,"parent":0,"menu_order":0,"comment_status":"closed","ping_status":"closed","template":"","meta":{"_et_pb_use_builder":"on","_et_pb_old_content":"","_et_gb_content_width":"","footnotes":""},"_links":{"self":[{"href":"https:\/\/fundacio.udl.cat\/fr\/wp-json\/wp\/v2\/pages\/1825"}],"collection":[{"href":"https:\/\/fundacio.udl.cat\/fr\/wp-json\/wp\/v2\/pages"}],"about":[{"href":"https:\/\/fundacio.udl.cat\/fr\/wp-json\/wp\/v2\/types\/page"}],"author":[{"embeddable":true,"href":"https:\/\/fundacio.udl.cat\/fr\/wp-json\/wp\/v2\/users\/6"}],"replies":[{"embeddable":true,"href":"https:\/\/fundacio.udl.cat\/fr\/wp-json\/wp\/v2\/comments?post=1825"}],"version-history":[{"count":12,"href":"https:\/\/fundacio.udl.cat\/fr\/wp-json\/wp\/v2\/pages\/1825\/revisions"}],"predecessor-version":[{"id":6264,"href":"https:\/\/fundacio.udl.cat\/fr\/wp-json\/wp\/v2\/pages\/1825\/revisions\/6264"}],"wp:attachment":[{"href":"https:\/\/fundacio.udl.cat\/fr\/wp-json\/wp\/v2\/media?parent=1825"}],"curies":[{"name":"wp","href":"https:\/\/api.w.org\/{rel}","templated":true}]}}