{"id":1674,"date":"2019-10-02T15:19:51","date_gmt":"2019-10-02T14:19:51","guid":{"rendered":"https:\/\/fundacio.udl.cat\/relaciones-universidad-empresa\/"},"modified":"2020-02-10T15:57:34","modified_gmt":"2020-02-10T14:57:34","slug":"relaciones-universidad-empresa","status":"publish","type":"page","link":"https:\/\/fundacio.udl.cat\/es\/relaciones-universidad-empresa\/","title":{"rendered":"Relaciones Universidad-Empresa"},"content":{"rendered":"<p>[et_pb_section fb_built=\u00bb1&#8243; custom_padding_last_edited=\u00bbon|tablet\u00bb admin_label=\u00bbCap\u00e7alera Relacions Universitat-Empresa -NO CAL EDITAR-\u00bb _builder_version=\u00bb4.0.9&#8243; use_background_color_gradient=\u00bbon\u00bb background_color_gradient_start=\u00bbrgba(0,0,0,0.2)\u00bb background_color_gradient_end=\u00bbrgba(41,196,169,0)\u00bb background_color_gradient_end_position=\u00bb60%\u00bb background_color_gradient_overlays_image=\u00bbon\u00bb background_image=\u00bbhttps:\/\/fundacio.udl.cat\/wp-content\/uploads\/relacions-universitat-lleida-empresa.jpg\u00bb background_position=\u00bbtop_center\u00bb custom_padding=\u00bb60px||10px\u00bb custom_padding_tablet=\u00bb10px||10px\u00bb custom_padding_phone=\u00bb\u00bb global_module=\u00bb544&#8243; saved_tabs=\u00bball\u00bb locked=\u00bboff\u00bb collapsed=\u00bbon\u00bb][et_pb_row _builder_version=\u00bb3.29.3&#8243; background_size=\u00bbinitial\u00bb background_position=\u00bbtop_left\u00bb background_repeat=\u00bbrepeat\u00bb][et_pb_column type=\u00bb4_4&#8243; _builder_version=\u00bb3.29.3&#8243;][et_pb_post_title meta=\u00bboff\u00bb featured_image=\u00bboff\u00bb _builder_version=\u00bb4.0.6&#8243; title_font=\u00bb||||||||\u00bb title_text_color=\u00bb#ffffff\u00bb title_font_size=\u00bb3em\u00bb title_font_size_tablet=\u00bb2.5em\u00bb title_font_size_phone=\u00bb2em\u00bb title_font_size_last_edited=\u00bbon|phone\u00bb title_text_shadow_style=\u00bbpreset3&#8243;][\/et_pb_post_title][\/et_pb_column][\/et_pb_row][\/et_pb_section][et_pb_section fb_built=\u00bb1&#8243; _builder_version=\u00bb3.22&#8243;][et_pb_row _builder_version=\u00bb3.25&#8243;][et_pb_column type=\u00bb4_4&#8243; _builder_version=\u00bb3.25&#8243; custom_padding=\u00bb|||\u00bb custom_padding__hover=\u00bb|||\u00bb][et_pb_text admin_label=\u00bbText\u00bb _builder_version=\u00bb4.0.9&#8243; hover_enabled=\u00bb0&#8243;]La Fundaci\u00f3n UdL tiene como objetivo fomentar y promover las relaciones de la Universidad de Lleida con les entidades p\u00fablicas, empresas e instituciones privadas, a fin de potenciar las actividades de investigaci\u00f3n de la Universidad, as\u00ed como la transferencia de conocimiento y tecnolog\u00eda.<br \/>\n[\/et_pb_text][\/et_pb_column][\/et_pb_row][et_pb_row _builder_version=\u00bb3.29.3&#8243; custom_padding=\u00bb0px||0px||false|false\u00bb][et_pb_column type=\u00bb4_4&#8243; _builder_version=\u00bb3.25&#8243; custom_padding=\u00bb|||\u00bb custom_padding__hover=\u00bb|||\u00bb][et_pb_text admin_label=\u00bbQu\u00e8 fem?\u00bb _builder_version=\u00bb4.0.6&#8243;]<\/p>\n<h2>\u00bfQu\u00e9 hacemos?<\/h2>\n<p>[\/et_pb_text][\/et_pb_column][\/et_pb_row][et_pb_row column_structure=\u00bb1_3,1_3,1_3&#8243; _builder_version=\u00bb3.29.3&#8243;][et_pb_column type=\u00bb1_3&#8243; _builder_version=\u00bb3.29.3&#8243;][et_pb_blurb use_icon=\u00bbon\u00bb font_icon=\u00bb%%45%%\u00bb icon_placement=\u00bbleft\u00bb admin_label=\u00bbPromoure&#8230;\u00bb _builder_version=\u00bb4.0.9&#8243; animation_style=\u00bbfade\u00bb hover_enabled=\u00bb0&#8243;]<\/p>\n<p style=\"text-align: left;\">Promover la inversi\u00f3n, ayudas y patrocinio para desarrollar proyectos y actividades que tengan como objetivo la investigaci\u00f3n cient\u00edfica y la transferencia de conocimiento y tecnolog\u00eda de la UdL.<\/p>\n<p>[\/et_pb_blurb][\/et_pb_column][et_pb_column type=\u00bb1_3&#8243; _builder_version=\u00bb3.29.3&#8243;][et_pb_blurb use_icon=\u00bbon\u00bb font_icon=\u00bb%%45%%\u00bb icon_placement=\u00bbleft\u00bb admin_label=\u00bbFormalitzar&#8230;\u00bb _builder_version=\u00bb4.0.9&#8243; animation_style=\u00bbfade\u00bb hover_enabled=\u00bb0&#8243;]<\/p>\n<p style=\"text-align: left;\">Asesorar a las empresas en la preparaci\u00f3n de contratos y convenios de investigaci\u00f3n, desarrollo e innovaci\u00f3n en los que participe la UdL.<\/p>\n<p>[\/et_pb_blurb][\/et_pb_column][et_pb_column type=\u00bb1_3&#8243; _builder_version=\u00bb3.29.3&#8243;][et_pb_blurb use_icon=\u00bbon\u00bb font_icon=\u00bb%%45%%\u00bb icon_placement=\u00bbleft\u00bb admin_label=\u00bbAssessorar&#8230;\u00bb _builder_version=\u00bb4.0.9&#8243; animation_style=\u00bbfade\u00bb hover_enabled=\u00bb0&#8243;]<\/p>\n<p style=\"text-align: left;\">Difundir e incentivar el uso de la cartera de servicios que la UdL ofrece a las empresas.<\/p>\n<p>[\/et_pb_blurb][\/et_pb_column][\/et_pb_row][et_pb_row column_structure=\u00bb1_3,1_3,1_3&#8243; custom_padding_last_edited=\u00bbon|tablet\u00bb _builder_version=\u00bb3.29.3&#8243; custom_padding=\u00bb||||false|false\u00bb custom_padding_tablet=\u00bb0px||||false|false\u00bb custom_padding_phone=\u00bb\u00bb][et_pb_column type=\u00bb1_3&#8243; _builder_version=\u00bb3.29.3&#8243;][et_pb_blurb use_icon=\u00bbon\u00bb font_icon=\u00bb%%45%%\u00bb icon_placement=\u00bbleft\u00bb admin_label=\u00bbRecolzament&#8230;\u00bb _builder_version=\u00bb4.0.9&#8243; animation_style=\u00bbfade\u00bb hover_enabled=\u00bb0&#8243;]<\/p>\n<p style=\"text-align: left;\">Organizar y gestionar actividades de formaci\u00f3n continua de acuerdo con las necesidades de la empresa.<\/p>\n<p>[\/et_pb_blurb][\/et_pb_column][et_pb_column type=\u00bb1_3&#8243; _builder_version=\u00bb3.29.3&#8243;][et_pb_blurb use_icon=\u00bbon\u00bb font_icon=\u00bb%%45%%\u00bb icon_placement=\u00bbleft\u00bb admin_label=\u00bbAccions&#8230;\u00bb _builder_version=\u00bb4.0.9&#8243; animation_style=\u00bbfade\u00bb hover_enabled=\u00bb0&#8243;]<\/p>\n<p style=\"text-align: left;\">Coordinar y realizar trabajos, estudios e informes que sean de inter\u00e9s para las entidades p\u00fablicas, empresas e instituciones privadas en cualquier \u00e1rea o disciplina.<\/p>\n<p>[\/et_pb_blurb][\/et_pb_column][et_pb_column type=\u00bb1_3&#8243; _builder_version=\u00bb3.29.3&#8243;][et_pb_blurb use_icon=\u00bbon\u00bb font_icon=\u00bb%%45%%\u00bb icon_placement=\u00bbleft\u00bb admin_label=\u00bbRealitzaci\u00f3&#8230;\u00bb _builder_version=\u00bb4.0.9&#8243; animation_style=\u00bbfade\u00bb hover_enabled=\u00bb0&#8243;]<\/p>\n<p style=\"text-align: left;\">Incentivar la formaci\u00f3n dual y la realizaci\u00f3n de pr\u00e1cticas del estudiante en la empresa.<\/p>\n<p>[\/et_pb_blurb][\/et_pb_column][\/et_pb_row][\/et_pb_section]<\/p>\n","protected":false},"excerpt":{"rendered":"<p>La Fundaci\u00f3n UdL tiene como objetivo fomentar y promover las relaciones de la Universidad de Lleida con les entidades p\u00fablicas, empresas e instituciones privadas, a fin de potenciar las actividades de investigaci\u00f3n de la Universidad, as\u00ed como la transferencia de conocimiento y tecnolog\u00eda. \u00bfQu\u00e9 hacemos? Promover la inversi\u00f3n, ayudas y patrocinio para desarrollar proyectos y [&hellip;]<\/p>\n","protected":false},"author":6,"featured_media":0,"parent":0,"menu_order":0,"comment_status":"closed","ping_status":"closed","template":"","meta":{"_et_pb_use_builder":"on","_et_pb_old_content":"<!-- wp:paragraph -->\r\n<p>This is an example page. It's different from a blog post because it will stay in one place and will show up in your site navigation (in most themes). Most people start with an About page that introduces them to potential site visitors. It might say something like this:<\/p>\r\n<!-- \/wp:paragraph -->\r\n\r\n<!-- wp:quote -->\r\n<blockquote class=\"wp-block-quote\"><p>Hi there! I'm a bike messenger by day, aspiring actor by night, and this is my website. I live in Los Angeles, have a great dog named Jack, and I like pi\u00f1a coladas. (And gettin' caught in the rain.)<\/p><\/blockquote>\r\n<!-- \/wp:quote -->\r\n\r\n<!-- wp:paragraph -->\r\n<p>...or something like this:<\/p>\r\n<!-- \/wp:paragraph -->\r\n\r\n<!-- wp:quote -->\r\n<blockquote class=\"wp-block-quote\"><p>The XYZ Doohickey Company was founded in 1971, and has been providing quality doohickeys to the public ever since. Located in Gotham City, XYZ employs over 2,000 people and does all kinds of awesome things for the Gotham community.<\/p><\/blockquote>\r\n<!-- \/wp:quote -->\r\n\r\n<!-- wp:paragraph -->\r\n<p>As a new WordPress user, you should go to <a href=\"https:\/\/fundacio.udl.cat\/wp-admin\/\">your dashboard<\/a> to delete this page and create new pages for your content. Have fun!<\/p>\r\n<!-- \/wp:paragraph -->","_et_gb_content_width":"","footnotes":""},"_links":{"self":[{"href":"https:\/\/fundacio.udl.cat\/es\/wp-json\/wp\/v2\/pages\/1674"}],"collection":[{"href":"https:\/\/fundacio.udl.cat\/es\/wp-json\/wp\/v2\/pages"}],"about":[{"href":"https:\/\/fundacio.udl.cat\/es\/wp-json\/wp\/v2\/types\/page"}],"author":[{"embeddable":true,"href":"https:\/\/fundacio.udl.cat\/es\/wp-json\/wp\/v2\/users\/6"}],"replies":[{"embeddable":true,"href":"https:\/\/fundacio.udl.cat\/es\/wp-json\/wp\/v2\/comments?post=1674"}],"version-history":[{"count":1,"href":"https:\/\/fundacio.udl.cat\/es\/wp-json\/wp\/v2\/pages\/1674\/revisions"}],"predecessor-version":[{"id":1675,"href":"https:\/\/fundacio.udl.cat\/es\/wp-json\/wp\/v2\/pages\/1674\/revisions\/1675"}],"wp:attachment":[{"href":"https:\/\/fundacio.udl.cat\/es\/wp-json\/wp\/v2\/media?parent=1674"}],"curies":[{"name":"wp","href":"https:\/\/api.w.org\/{rel}","templated":true}]}}