{"id":1668,"date":"2019-04-01T12:52:19","date_gmt":"2019-04-01T11:52:19","guid":{"rendered":"https:\/\/fundacio.udl.cat\/presentacion\/personal\/"},"modified":"2021-07-22T13:12:51","modified_gmt":"2021-07-22T12:12:51","slug":"personal","status":"publish","type":"page","link":"https:\/\/fundacio.udl.cat\/es\/presentacion\/personal\/","title":{"rendered":"Personal"},"content":{"rendered":"<p>[et_pb_section fb_built=\u00bb1&#8243; custom_padding_last_edited=\u00bbon|tablet\u00bb admin_label=\u00bbCap\u00e7alera Fundaci\u00f3 UdL -NO CAL EDITAR-\u00bb _builder_version=\u00bb4.0.9&#8243; use_background_color_gradient=\u00bbon\u00bb background_color_gradient_start=\u00bbrgba(0,0,0,0.2)\u00bb background_color_gradient_end=\u00bbrgba(41,196,169,0)\u00bb background_color_gradient_end_position=\u00bb60%\u00bb background_color_gradient_overlays_image=\u00bbon\u00bb background_image=\u00bbhttps:\/\/fundacio.udl.cat\/wp-content\/uploads\/fundacio-universitat-lleida-fudl.jpg\u00bb background_position=\u00bbcenter_right\u00bb custom_padding=\u00bb60px||10px\u00bb custom_padding_tablet=\u00bb10px||10px\u00bb custom_padding_phone=\u00bb\u00bb global_module=\u00bb226&#8243; collapsed=\u00bbon\u00bb][et_pb_row _builder_version=\u00bb3.25&#8243; background_size=\u00bbinitial\u00bb background_position=\u00bbtop_left\u00bb background_repeat=\u00bbrepeat\u00bb][et_pb_column type=\u00bb4_4&#8243; _builder_version=\u00bb3.0.47&#8243; custom_padding=\u00bb|||\u00bb custom_padding__hover=\u00bb|||\u00bb][et_pb_post_title meta=\u00bboff\u00bb featured_image=\u00bboff\u00bb _builder_version=\u00bb4.0.6&#8243; title_font=\u00bb||||||||\u00bb title_text_color=\u00bb#ffffff\u00bb title_font_size=\u00bb3em\u00bb title_font_size_tablet=\u00bb2.5em\u00bb title_font_size_phone=\u00bb2em\u00bb title_font_size_last_edited=\u00bbon|phone\u00bb title_text_shadow_style=\u00bbpreset3&#8243;][\/et_pb_post_title][\/et_pb_column][\/et_pb_row][\/et_pb_section][et_pb_section fb_built=\u00bb1&#8243; _builder_version=\u00bb3.22&#8243;][et_pb_row column_structure=\u00bb1_2,1_2&#8243; use_custom_gutter=\u00bbon\u00bb gutter_width=\u00bb2&#8243; make_equal=\u00bbon\u00bb custom_padding_last_edited=\u00bboff|desktop\u00bb _builder_version=\u00bb4.0.9&#8243; width=\u00bb100%\u00bb width_tablet=\u00bb\u00bb width_phone=\u00bb100%\u00bb width_last_edited=\u00bbon|phone\u00bb max_width=\u00bb1200px\u00bb module_alignment=\u00bbcenter\u00bb custom_padding=\u00bb||0px||false|false\u00bb custom_padding_tablet=\u00bb||0px||false|false\u00bb custom_padding_phone=\u00bb||0px||false|false\u00bb use_custom_width=\u00bbon\u00bb width_unit=\u00bboff\u00bb custom_width_percent=\u00bb60%\u00bb][et_pb_column type=\u00bb1_2&#8243; _builder_version=\u00bb4.0.9&#8243; custom_padding=\u00bb|||\u00bb custom_padding__hover=\u00bb|||\u00bb][et_pb_text admin_label=\u00bbFitxa de personal\u00bb _builder_version=\u00bb4.4.3&#8243; text_font=\u00bb||||||||\u00bb background_color=\u00bbrgba(130,23,28,0.1)\u00bb background_image=\u00bbhttps:\/\/fundacio.udl.cat\/wp-content\/uploads\/favicon.png\u00bb background_size=\u00bbcontain\u00bb background_position=\u00bbtop_left\u00bb custom_padding=\u00bb5%|5%|5%|30%|true|false\u00bb custom_padding_tablet=\u00bb\u00bb custom_padding_phone=\u00bb|||40%|true|false\u00bb custom_padding_last_edited=\u00bbon|phone\u00bb box_shadow_style=\u00bbpreset4&#8243; box_shadow_horizontal=\u00bb5px\u00bb box_shadow_vertical=\u00bb5px\u00bb box_shadow_color=\u00bb#82171c\u00bb]<\/p>\n<h4>Merc\u00e8 Balcells Fluvi\u00e0<\/h4>\n<p><em>Directora<\/em><br \/>\n<a href=\"mailto:fundacio.direccio@udl.cat\" target=\"_blank\" rel=\"noopener noreferrer\">fundacio.direccio@udl.cat<\/a><br \/>\n973 00 35 28<br \/>\n[\/et_pb_text][\/et_pb_column][et_pb_column type=\u00bb1_2&#8243; _builder_version=\u00bb4.0.9&#8243; custom_padding=\u00bb|||\u00bb custom_padding__hover=\u00bb|||\u00bb][et_pb_text disabled_on=\u00bbon|on|on\u00bb admin_label=\u00bbFitxa de personal\u00bb _builder_version=\u00bb4.0.9&#8243; text_font=\u00bb||||||||\u00bb background_color=\u00bbrgba(130,23,28,0.1)\u00bb background_image=\u00bbhttps:\/\/fundacio.udl.cat\/wp-content\/uploads\/Merce\u0300.jpg\u00bb background_size=\u00bbcontain\u00bb background_position=\u00bbtop_left\u00bb custom_padding=\u00bb5%|5%|5%|30%|true|false\u00bb custom_padding_tablet=\u00bb\u00bb custom_padding_phone=\u00bb|||40%|true|false\u00bb custom_padding_last_edited=\u00bbon|phone\u00bb box_shadow_style=\u00bbpreset4&#8243; box_shadow_horizontal=\u00bb5px\u00bb box_shadow_vertical=\u00bb5px\u00bb box_shadow_color=\u00bb#82171c\u00bb disabled=\u00bbon\u00bb]<\/p>\n<h4>Merc\u00e8 Sala R\u00edos<\/h4>\n<p><em>Coordinadora Relaciones Universidad-Empresa<\/em><br \/>\n<a href=\"mailto:coordinacio.fundacio@udl.cat\" target=\"_blank\" rel=\"noopener noreferrer\">coordinacio.fundacio@udl.cat<\/a><br \/>\n973 00 35 29[\/et_pb_text][\/et_pb_column][\/et_pb_row][et_pb_row column_structure=\u00bb1_2,1_2&#8243; use_custom_gutter=\u00bbon\u00bb gutter_width=\u00bb2&#8243; make_equal=\u00bbon\u00bb custom_padding_last_edited=\u00bbon|desktop\u00bb _builder_version=\u00bb4.0.9&#8243; width=\u00bb100%\u00bb width_tablet=\u00bb\u00bb width_phone=\u00bb100%\u00bb width_last_edited=\u00bbon|phone\u00bb max_width=\u00bb1200px\u00bb module_alignment=\u00bbcenter\u00bb custom_padding_tablet=\u00bb||0px||false|false\u00bb custom_padding_phone=\u00bb||0px||false|false\u00bb use_custom_width=\u00bbon\u00bb width_unit=\u00bboff\u00bb custom_width_percent=\u00bb60%\u00bb][et_pb_column type=\u00bb1_2&#8243; _builder_version=\u00bb4.0.9&#8243; custom_padding=\u00bb|||\u00bb custom_padding__hover=\u00bb|||\u00bb][et_pb_text admin_label=\u00bbFitxa de personal\u00bb _builder_version=\u00bb4.0.9&#8243; text_font=\u00bb||||||||\u00bb background_color=\u00bbrgba(130,23,28,0.1)\u00bb background_image=\u00bbhttps:\/\/fundacio.udl.cat\/wp-content\/uploads\/Marta.jpg\u00bb background_size=\u00bbcontain\u00bb background_position=\u00bbtop_left\u00bb custom_padding=\u00bb5%|5%|5%|30%|true|false\u00bb custom_padding_tablet=\u00bb\u00bb custom_padding_phone=\u00bb|||40%|true|false\u00bb custom_padding_last_edited=\u00bbon|phone\u00bb hover_enabled=\u00bb0&#8243; box_shadow_style=\u00bbpreset4&#8243; box_shadow_horizontal=\u00bb5px\u00bb box_shadow_vertical=\u00bb5px\u00bb box_shadow_color=\u00bb#82171c\u00bb]<\/p>\n<h4>Marta Iglesias Perramon<\/h4>\n<p><em>Gesti\u00f3n de proyectos<\/em><br \/>\n<a href=\"mailto:marta.iglesias@udl.cat\" target=\"_blank\" rel=\"noopener noreferrer\">marta.iglesias@udl.cat<\/a><br \/>\n973 00 35 58[\/et_pb_text][\/et_pb_column][et_pb_column type=\u00bb1_2&#8243; _builder_version=\u00bb4.0.9&#8243; custom_padding=\u00bb|||\u00bb custom_padding__hover=\u00bb|||\u00bb][et_pb_text admin_label=\u00bbFitxa de personal\u00bb _builder_version=\u00bb4.0.9&#8243; text_font=\u00bb||||||||\u00bb background_color=\u00bbrgba(130,23,28,0.1)\u00bb background_image=\u00bbhttps:\/\/fundacio.udl.cat\/wp-content\/uploads\/Sara.jpg\u00bb background_size=\u00bbcontain\u00bb background_position=\u00bbtop_left\u00bb custom_padding=\u00bb5%|5%|5%|30%|true|false\u00bb custom_padding_tablet=\u00bb\u00bb custom_padding_phone=\u00bb|||40%|true|false\u00bb custom_padding_last_edited=\u00bbon|phone\u00bb hover_enabled=\u00bb0&#8243; box_shadow_style=\u00bbpreset4&#8243; box_shadow_horizontal=\u00bb5px\u00bb box_shadow_vertical=\u00bb5px\u00bb box_shadow_color=\u00bb#82171c\u00bb]<\/p>\n<h4>Sara Bastien Henri<\/h4>\n<p><em>Gesti\u00f3n de proyectos<\/em><a href=\"mailto:sara.bastien@udl.cat\" target=\"_blank\" rel=\"noopener noreferrer\"><br \/>\nsara.bastien@udl.cat<\/a><br \/>\n973 00 35 57[\/et_pb_text][\/et_pb_column][\/et_pb_row][\/et_pb_section]<\/p>\n","protected":false},"excerpt":{"rendered":"<p>Merc\u00e8 Balcells Fluvi\u00e0 Directora fundacio.direccio@udl.cat 973 00 35 28 Merc\u00e8 Sala R\u00edos Coordinadora Relaciones Universidad-Empresa coordinacio.fundacio@udl.cat 973 00 35 29Marta Iglesias Perramon Gesti\u00f3n de proyectos marta.iglesias@udl.cat 973 00 35 58Sara Bastien Henri Gesti\u00f3n de proyectos sara.bastien@udl.cat 973 00 35 57<\/p>\n","protected":false},"author":6,"featured_media":0,"parent":1666,"menu_order":2,"comment_status":"closed","ping_status":"closed","template":"","meta":{"_et_pb_use_builder":"on","_et_pb_old_content":"<!-- wp:paragraph -->\r\n<p>This is an example page. It's different from a blog post because it will stay in one place and will show up in your site navigation (in most themes). Most people start with an About page that introduces them to potential site visitors. It might say something like this:<\/p>\r\n<!-- \/wp:paragraph -->\r\n\r\n<!-- wp:quote -->\r\n<blockquote class=\"wp-block-quote\"><p>Hi there! I'm a bike messenger by day, aspiring actor by night, and this is my website. I live in Los Angeles, have a great dog named Jack, and I like pi\u00f1a coladas. (And gettin' caught in the rain.)<\/p><\/blockquote>\r\n<!-- \/wp:quote -->\r\n\r\n<!-- wp:paragraph -->\r\n<p>...or something like this:<\/p>\r\n<!-- \/wp:paragraph -->\r\n\r\n<!-- wp:quote -->\r\n<blockquote class=\"wp-block-quote\"><p>The XYZ Doohickey Company was founded in 1971, and has been providing quality doohickeys to the public ever since. Located in Gotham City, XYZ employs over 2,000 people and does all kinds of awesome things for the Gotham community.<\/p><\/blockquote>\r\n<!-- \/wp:quote -->\r\n\r\n<!-- wp:paragraph -->\r\n<p>As a new WordPress user, you should go to <a href=\"https:\/\/fundacio.udl.cat\/wp-admin\/\">your dashboard<\/a> to delete this page and create new pages for your content. Have fun!<\/p>\r\n<!-- \/wp:paragraph -->","_et_gb_content_width":"","footnotes":""},"_links":{"self":[{"href":"https:\/\/fundacio.udl.cat\/es\/wp-json\/wp\/v2\/pages\/1668"}],"collection":[{"href":"https:\/\/fundacio.udl.cat\/es\/wp-json\/wp\/v2\/pages"}],"about":[{"href":"https:\/\/fundacio.udl.cat\/es\/wp-json\/wp\/v2\/types\/page"}],"author":[{"embeddable":true,"href":"https:\/\/fundacio.udl.cat\/es\/wp-json\/wp\/v2\/users\/6"}],"replies":[{"embeddable":true,"href":"https:\/\/fundacio.udl.cat\/es\/wp-json\/wp\/v2\/comments?post=1668"}],"version-history":[{"count":6,"href":"https:\/\/fundacio.udl.cat\/es\/wp-json\/wp\/v2\/pages\/1668\/revisions"}],"predecessor-version":[{"id":3250,"href":"https:\/\/fundacio.udl.cat\/es\/wp-json\/wp\/v2\/pages\/1668\/revisions\/3250"}],"up":[{"embeddable":true,"href":"https:\/\/fundacio.udl.cat\/es\/wp-json\/wp\/v2\/pages\/1666"}],"wp:attachment":[{"href":"https:\/\/fundacio.udl.cat\/es\/wp-json\/wp\/v2\/media?parent=1668"}],"curies":[{"name":"wp","href":"https:\/\/api.w.org\/{rel}","templated":true}]}}