{"id":1666,"date":"2019-04-01T12:34:17","date_gmt":"2019-04-01T11:34:17","guid":{"rendered":"https:\/\/fundacio.udl.cat\/presentacion\/"},"modified":"2026-04-08T14:32:33","modified_gmt":"2026-04-08T13:32:33","slug":"presentacion","status":"publish","type":"page","link":"https:\/\/fundacio.udl.cat\/es\/presentacion\/","title":{"rendered":"Presentaci\u00f3n"},"content":{"rendered":"<p>[et_pb_section fb_built=\u00bb1&#8243; custom_padding_last_edited=\u00bbon|tablet\u00bb admin_label=\u00bbCap\u00e7alera Fundaci\u00f3 UdL -NO CAL EDITAR-\u00bb _builder_version=\u00bb4.16&#8243; use_background_color_gradient=\u00bbon\u00bb background_color_gradient_stops=\u00bbrgba(0,0,0,0.2) 0%|rgba(41,196,169,0) 60%\u00bb background_color_gradient_overlays_image=\u00bbon\u00bb background_color_gradient_start=\u00bbrgba(0,0,0,0.2)\u00bb background_color_gradient_end=\u00bbrgba(41,196,169,0)\u00bb background_color_gradient_end_position=\u00bb60%\u00bb background_image=\u00bbhttps:\/\/fundacio.udl.cat\/wp-content\/uploads\/pere-cabrera_2-scaled.jpg\u00bb background_position=\u00bbcenter_right\u00bb custom_padding=\u00bb60px||10px\u00bb custom_padding_tablet=\u00bb10px||10px\u00bb custom_padding_phone=\u00bb\u00bb background_color_gradient_stops_tablet=\u00bbrgba(0,0,0,0.2) 0%|rgba(41,196,169,0) 60%\u00bb background_color_gradient_stops_phone=\u00bbrgba(0,0,0,0.2) 0%|rgba(41,196,169,0) 60%\u00bb global_module=\u00bb226&#8243; collapsed=\u00bbon\u00bb global_colors_info=\u00bb{}\u00bb][et_pb_row _builder_version=\u00bb4.16&#8243; background_size=\u00bbinitial\u00bb background_position=\u00bbtop_left\u00bb background_repeat=\u00bbrepeat\u00bb global_colors_info=\u00bb{}\u00bb][et_pb_column type=\u00bb4_4&#8243; _builder_version=\u00bb4.16&#8243; custom_padding=\u00bb|||\u00bb global_colors_info=\u00bb{}\u00bb custom_padding__hover=\u00bb|||\u00bb]<\/p>\n<p>[et_pb_post_title meta=\u00bboff\u00bb featured_image=\u00bboff\u00bb _builder_version=\u00bb4.0.6&#8243; title_font=\u00bb||||||||\u00bb title_text_color=\u00bb#ffffff\u00bb title_font_size=\u00bb3em\u00bb title_font_size_tablet=\u00bb2.5em\u00bb title_font_size_phone=\u00bb2em\u00bb title_font_size_last_edited=\u00bbon|phone\u00bb title_text_shadow_style=\u00bbpreset3&#8243;][\/et_pb_post_title]<\/p>\n<p>[\/et_pb_column][\/et_pb_row][\/et_pb_section][et_pb_section fb_built=\u00bb1&#8243; _builder_version=\u00bb4.16&#8243; global_colors_info=\u00bb{}\u00bb][et_pb_row column_structure=\u00bb3_5,2_5&#8243; _builder_version=\u00bb4.16&#8243; global_colors_info=\u00bb{}\u00bb][et_pb_column type=\u00bb3_5&#8243; _builder_version=\u00bb4.16&#8243; custom_padding=\u00bb|||\u00bb global_colors_info=\u00bb{}\u00bb custom_padding__hover=\u00bb|||\u00bb][et_pb_text admin_label=\u00bbText\u00bb _builder_version=\u00bb4.16&#8243; global_colors_info=\u00bb{}\u00bb]La Fundaci\u00f3n Universidad de Lleida es una organizaci\u00f3n sin \u00e1nimo de lucro que, por voluntad de la Universidad, se plantea alcanzar objetivos de inter\u00e9s general, los beneficiarios de los cuales son <strong>la comunidad universitaria y la sociedad.<\/strong><\/p>\n<p>Entre los objetivos de inter\u00e9s general de la Fundaci\u00f3n se encuentra\u00a0<strong>promover las relaciones entre la Universidad de Lleida y el entorno socioecon\u00f3mico y cultural<\/strong>, fomentando la\u00a0<strong>investigaci\u00f3n<\/strong> cient\u00edfica, human\u00edstica y t\u00e9cnica; as\u00ed como la\u00a0<strong>innovaci\u00f3n tecnol\u00f3gica<\/strong>, en relaci\u00f3n con las empresas y el desarrollo de la sociedad.<br \/>\n[\/et_pb_text][et_pb_button button_url=\u00bbhttps:\/\/fundacio.udl.cat\/wp-content\/uploads\/Estatuts-Fundacio-UdL.pdf\u00bb url_new_window=\u00bbon\u00bb button_text=\u00bbEstatutos (PDF)\u00bb admin_label=\u00bbEstatuts (PDF)\u00bb _builder_version=\u00bb4.25.0&#8243; background_layout=\u00bbdark\u00bb global_colors_info=\u00bb{}\u00bb]<br \/>\n[\/et_pb_button][et_pb_image src=\u00bbhttps:\/\/fundacio.udl.cat\/wp-content\/uploads\/interior_2-scaled.jpg\u00bb align_tablet=\u00bbcenter\u00bb align_phone=\u00bb\u00bb align_last_edited=\u00bbon|desktop\u00bb admin_label=\u00bbImatge\u00bb _builder_version=\u00bb4.16&#8243; global_colors_info=\u00bb{}\u00bb]<br \/>\n[\/et_pb_image][\/et_pb_column][et_pb_column type=\u00bb2_5&#8243; _builder_version=\u00bb4.16&#8243; custom_padding=\u00bb|||\u00bb global_colors_info=\u00bb{}\u00bb custom_padding__hover=\u00bb|||\u00bb][et_pb_text admin_label=\u00bbEstructura\u00bb _builder_version=\u00bb4.25.0&#8243; hover_enabled=\u00bb0&#8243; global_colors_info=\u00bb{}\u00bb sticky_enabled=\u00bb0&#8243;]<\/p>\n<h2>Estructura<\/h2>\n<p>La administraci\u00f3n, gesti\u00f3n o representaci\u00f3n de la Fundaci\u00f3n, corresponde a los siguientes \u00f3rganos de gobierno:<\/p>\n<ul>\n<li>Patronato<\/li>\n<li>Direcci\u00f3n<\/li>\n<\/ul>\n<h4>PATRONATO<\/h4>\n<ul>\n<li>M. \u00c0ngels Balsells Bail\u00f3n, Presidenta<\/li>\n<li>M. Carmen Chia Forradellas, Vicepresidenta<\/li>\n<li>C\u00e9sar Cierco Seira, Secretario<\/li>\n<li>Carles Alsinet Mora<\/li>\n<li>Ferran Badia Pascual<\/li>\n<li>Guillem Boira Herreros<\/li>\n<li>Joan Caba Muntada<\/li>\n<li>M. Teresa Calder\u00f3 Peralta<\/li>\n<li>Maria Pau Cornad\u00f3 Teixid\u00f3<\/li>\n<li>M. Ant\u00f2nia Mart\u00ed Teruel<\/li>\n<li>Eva Mart\u00edn Fuentes<\/li>\n<li>Jaume Salt\u00f3 Albareda<\/li>\n<li>Vanesa Sams\u00f3 Casals<\/li>\n<li>Josep Maria Sent\u00eds Su\u00f1\u00e9<\/li>\n<li>Dom\u00e8nec Vila Navarra<\/li>\n<\/ul>\n<h4>DIRECCI\u00d3N<\/h4>\n<ul>\n<li>Merc\u00e8 Balcells Fluvi\u00e0<\/li>\n<\/ul>\n<p>[\/et_pb_text][\/et_pb_column][\/et_pb_row][\/et_pb_section]<\/p>\n","protected":false},"excerpt":{"rendered":"<p>La Fundaci\u00f3n Universidad de Lleida es una organizaci\u00f3n sin \u00e1nimo de lucro que, por voluntad de la Universidad, se plantea alcanzar objetivos de inter\u00e9s general, los beneficiarios de los cuales son la comunidad universitaria y la sociedad. Entre los objetivos de inter\u00e9s general de la Fundaci\u00f3n se encuentra\u00a0promover las relaciones entre la Universidad de Lleida [&hellip;]<\/p>\n","protected":false},"author":6,"featured_media":0,"parent":0,"menu_order":0,"comment_status":"closed","ping_status":"closed","template":"","meta":{"_et_pb_use_builder":"on","_et_pb_old_content":"","_et_gb_content_width":"","footnotes":""},"_links":{"self":[{"href":"https:\/\/fundacio.udl.cat\/es\/wp-json\/wp\/v2\/pages\/1666"}],"collection":[{"href":"https:\/\/fundacio.udl.cat\/es\/wp-json\/wp\/v2\/pages"}],"about":[{"href":"https:\/\/fundacio.udl.cat\/es\/wp-json\/wp\/v2\/types\/page"}],"author":[{"embeddable":true,"href":"https:\/\/fundacio.udl.cat\/es\/wp-json\/wp\/v2\/users\/6"}],"replies":[{"embeddable":true,"href":"https:\/\/fundacio.udl.cat\/es\/wp-json\/wp\/v2\/comments?post=1666"}],"version-history":[{"count":12,"href":"https:\/\/fundacio.udl.cat\/es\/wp-json\/wp\/v2\/pages\/1666\/revisions"}],"predecessor-version":[{"id":6266,"href":"https:\/\/fundacio.udl.cat\/es\/wp-json\/wp\/v2\/pages\/1666\/revisions\/6266"}],"wp:attachment":[{"href":"https:\/\/fundacio.udl.cat\/es\/wp-json\/wp\/v2\/media?parent=1666"}],"curies":[{"name":"wp","href":"https:\/\/api.w.org\/{rel}","templated":true}]}}