{"id":1504,"date":"2019-10-02T16:29:19","date_gmt":"2019-10-02T15:29:19","guid":{"rendered":"https:\/\/fundacio.udl.cat\/otros-servicios\/"},"modified":"2020-02-11T10:41:14","modified_gmt":"2020-02-11T09:41:14","slug":"otros-servicios","status":"publish","type":"page","link":"https:\/\/fundacio.udl.cat\/es\/otros-servicios\/","title":{"rendered":"Otros servicios"},"content":{"rendered":"<p>[et_pb_section fb_built=\u00bb1&#8243; custom_padding_last_edited=\u00bbon|tablet\u00bb admin_label=\u00bbCap\u00e7alera Altres serveis -NO CAL EDITAR-\u00bb _builder_version=\u00bb4.0.9&#8243; use_background_color_gradient=\u00bbon\u00bb background_color_gradient_start=\u00bbrgba(0,0,0,0.2)\u00bb background_color_gradient_end=\u00bbrgba(41,196,169,0)\u00bb background_color_gradient_end_position=\u00bb60%\u00bb background_color_gradient_overlays_image=\u00bbon\u00bb background_image=\u00bbhttps:\/\/fundacio.udl.cat\/wp-content\/uploads\/udl-lleida-cursos-internacionals.jpg\u00bb background_position=\u00bbtop_center\u00bb custom_padding=\u00bb60px||10px\u00bb custom_padding_tablet=\u00bb10px||10px\u00bb custom_padding_phone=\u00bb\u00bb global_module=\u00bb587&#8243; saved_tabs=\u00bball\u00bb locked=\u00bboff\u00bb collapsed=\u00bbon\u00bb][et_pb_row _builder_version=\u00bb3.29.3&#8243; background_size=\u00bbinitial\u00bb background_position=\u00bbtop_left\u00bb background_repeat=\u00bbrepeat\u00bb][et_pb_column type=\u00bb4_4&#8243; _builder_version=\u00bb3.29.3&#8243;][et_pb_post_title meta=\u00bboff\u00bb featured_image=\u00bboff\u00bb _builder_version=\u00bb4.0.6&#8243; title_font=\u00bb||||||||\u00bb title_text_color=\u00bb#ffffff\u00bb title_font_size=\u00bb3em\u00bb title_font_size_tablet=\u00bb2.5em\u00bb title_font_size_phone=\u00bb2em\u00bb title_font_size_last_edited=\u00bbon|phone\u00bb title_text_shadow_style=\u00bbpreset3&#8243;][\/et_pb_post_title][\/et_pb_column][\/et_pb_row][\/et_pb_section][et_pb_section fb_built=\u00bb1&#8243; _builder_version=\u00bb3.22&#8243; hover_enabled=\u00bb0&#8243;][et_pb_row column_structure=\u00bb1_2,1_2&#8243; _builder_version=\u00bb3.25&#8243;][et_pb_column type=\u00bb1_2&#8243; _builder_version=\u00bb3.25&#8243; custom_padding=\u00bb|||\u00bb custom_padding__hover=\u00bb|||\u00bb][et_pb_text admin_label=\u00bbFormaci\u00f3 especialitzada\u00bb _builder_version=\u00bb4.0.6&#8243;]<\/p>\n<h3>Formaci\u00f3n especializada<\/h3>\n<p>[\/et_pb_text][et_pb_text admin_label=\u00bbText\u00bb _builder_version=\u00bb4.0.9&#8243; custom_margin=\u00bb|60px||||\u00bb custom_margin_tablet=\u00bb|auto|||false|false\u00bb custom_margin_phone=\u00bb\u00bb custom_margin_last_edited=\u00bbon|desktop\u00bb hover_enabled=\u00bb0&#8243;]<\/p>\n<p style=\"text-align: justify;\">La Fundaci\u00f3n UdL organiza actividades formativas multidisciplinarias, tanto de ampliaci\u00f3n de conocimientos como de especializaci\u00f3n.<\/p>\n<p style=\"text-align: justify;\">Se trata de actividades variadas dirigidas a estudiantes, t\u00e9cnicos y profesionales que deseen mejorar sus competencias o actualizar conocimientos. La Fundaci\u00f3n puede planificar cursos a medida para una instituci\u00f3n o empresa determinada de acuerdo con sus necesidades formativas.<\/p>\n<p>[\/et_pb_text][\/et_pb_column][et_pb_column type=\u00bb1_2&#8243; _builder_version=\u00bb3.25&#8243; custom_padding=\u00bb|||\u00bb custom_padding__hover=\u00bb|||\u00bb][et_pb_text admin_label=\u00bbCursos internacionals\u00bb _builder_version=\u00bb4.0.6&#8243;]<\/p>\n<h3>Cursos internacionales<\/h3>\n<p>[\/et_pb_text][et_pb_text admin_label=\u00bbText\u00bb _builder_version=\u00bb4.0.9&#8243; hover_enabled=\u00bb0&#8243;]<\/p>\n<p style=\"text-align: justify;\">La Fundaci\u00f3n UdL ofrece cursos internacionales a demanda, con contenidos, actividades y servicios seg\u00fan las necesidades de las universidades, instituciones o empresas interesadas.<\/p>\n<p>[\/et_pb_text][\/et_pb_column][\/et_pb_row][\/et_pb_section]<\/p>\n","protected":false},"excerpt":{"rendered":"<p>Formaci\u00f3n especializadaLa Fundaci\u00f3n UdL organiza actividades formativas multidisciplinarias, tanto de ampliaci\u00f3n de conocimientos como de especializaci\u00f3n. Se trata de actividades variadas dirigidas a estudiantes, t\u00e9cnicos y profesionales que deseen mejorar sus competencias o actualizar conocimientos. La Fundaci\u00f3n puede planificar cursos a medida para una instituci\u00f3n o empresa determinada de acuerdo con sus necesidades formativas. Cursos [&hellip;]<\/p>\n","protected":false},"author":6,"featured_media":0,"parent":0,"menu_order":0,"comment_status":"closed","ping_status":"closed","template":"","meta":{"_et_pb_use_builder":"on","_et_pb_old_content":"<!-- wp:paragraph -->\r\n<p>This is an example page. It's different from a blog post because it will stay in one place and will show up in your site navigation (in most themes). Most people start with an About page that introduces them to potential site visitors. It might say something like this:<\/p>\r\n<!-- \/wp:paragraph -->\r\n\r\n<!-- wp:quote -->\r\n<blockquote class=\"wp-block-quote\"><p>Hi there! I'm a bike messenger by day, aspiring actor by night, and this is my website. I live in Los Angeles, have a great dog named Jack, and I like pi\u00f1a coladas. (And gettin' caught in the rain.)<\/p><\/blockquote>\r\n<!-- \/wp:quote -->\r\n\r\n<!-- wp:paragraph -->\r\n<p>...or something like this:<\/p>\r\n<!-- \/wp:paragraph -->\r\n\r\n<!-- wp:quote -->\r\n<blockquote class=\"wp-block-quote\"><p>The XYZ Doohickey Company was founded in 1971, and has been providing quality doohickeys to the public ever since. Located in Gotham City, XYZ employs over 2,000 people and does all kinds of awesome things for the Gotham community.<\/p><\/blockquote>\r\n<!-- \/wp:quote -->\r\n\r\n<!-- wp:paragraph -->\r\n<p>As a new WordPress user, you should go to <a href=\"https:\/\/fundacio.udl.cat\/wp-admin\/\">your dashboard<\/a> to delete this page and create new pages for your content. Have fun!<\/p>\r\n<!-- \/wp:paragraph -->","_et_gb_content_width":"","footnotes":""},"_links":{"self":[{"href":"https:\/\/fundacio.udl.cat\/es\/wp-json\/wp\/v2\/pages\/1504"}],"collection":[{"href":"https:\/\/fundacio.udl.cat\/es\/wp-json\/wp\/v2\/pages"}],"about":[{"href":"https:\/\/fundacio.udl.cat\/es\/wp-json\/wp\/v2\/types\/page"}],"author":[{"embeddable":true,"href":"https:\/\/fundacio.udl.cat\/es\/wp-json\/wp\/v2\/users\/6"}],"replies":[{"embeddable":true,"href":"https:\/\/fundacio.udl.cat\/es\/wp-json\/wp\/v2\/comments?post=1504"}],"version-history":[{"count":3,"href":"https:\/\/fundacio.udl.cat\/es\/wp-json\/wp\/v2\/pages\/1504\/revisions"}],"predecessor-version":[{"id":2080,"href":"https:\/\/fundacio.udl.cat\/es\/wp-json\/wp\/v2\/pages\/1504\/revisions\/2080"}],"wp:attachment":[{"href":"https:\/\/fundacio.udl.cat\/es\/wp-json\/wp\/v2\/media?parent=1504"}],"curies":[{"name":"wp","href":"https:\/\/api.w.org\/{rel}","templated":true}]}}