{"id":1528,"date":"2019-04-01T12:52:19","date_gmt":"2019-04-01T11:52:19","guid":{"rendered":"https:\/\/fundacio.udl.cat\/presentation\/the-team\/"},"modified":"2021-07-22T13:10:51","modified_gmt":"2021-07-22T12:10:51","slug":"the-team","status":"publish","type":"page","link":"https:\/\/fundacio.udl.cat\/en\/presentation\/the-team\/","title":{"rendered":"The Team"},"content":{"rendered":"<p>[et_pb_section fb_built=&#8221;1&#8243; custom_padding_last_edited=&#8221;on|tablet&#8221; admin_label=&#8221;Cap\u00e7alera Fundaci\u00f3 UdL -NO CAL EDITAR-&#8221; _builder_version=&#8221;4.0.9&#8243; use_background_color_gradient=&#8221;on&#8221; background_color_gradient_start=&#8221;rgba(0,0,0,0.2)&#8221; background_color_gradient_end=&#8221;rgba(41,196,169,0)&#8221; background_color_gradient_end_position=&#8221;60%&#8221; background_color_gradient_overlays_image=&#8221;on&#8221; background_image=&#8221;https:\/\/fundacio.udl.cat\/wp-content\/uploads\/fundacio-universitat-lleida-fudl.jpg&#8221; background_position=&#8221;center_right&#8221; custom_padding=&#8221;60px||10px&#8221; custom_padding_tablet=&#8221;10px||10px&#8221; custom_padding_phone=&#8221;&#8221; global_module=&#8221;226&#8243; collapsed=&#8221;on&#8221;][et_pb_row _builder_version=&#8221;3.25&#8243; background_size=&#8221;initial&#8221; background_position=&#8221;top_left&#8221; background_repeat=&#8221;repeat&#8221;][et_pb_column type=&#8221;4_4&#8243; _builder_version=&#8221;3.0.47&#8243; custom_padding=&#8221;|||&#8221; custom_padding__hover=&#8221;|||&#8221;][et_pb_post_title meta=&#8221;off&#8221; featured_image=&#8221;off&#8221; _builder_version=&#8221;4.0.6&#8243; title_font=&#8221;||||||||&#8221; title_text_color=&#8221;#ffffff&#8221; title_font_size=&#8221;3em&#8221; title_font_size_tablet=&#8221;2.5em&#8221; title_font_size_phone=&#8221;2em&#8221; title_font_size_last_edited=&#8221;on|phone&#8221; title_text_shadow_style=&#8221;preset3&#8243;][\/et_pb_post_title][\/et_pb_column][\/et_pb_row][\/et_pb_section][et_pb_section fb_built=&#8221;1&#8243; _builder_version=&#8221;3.22&#8243;][et_pb_row column_structure=&#8221;1_2,1_2&#8243; use_custom_gutter=&#8221;on&#8221; gutter_width=&#8221;2&#8243; make_equal=&#8221;on&#8221; custom_padding_last_edited=&#8221;off|desktop&#8221; _builder_version=&#8221;4.0.9&#8243; width=&#8221;100%&#8221; width_tablet=&#8221;&#8221; width_phone=&#8221;100%&#8221; width_last_edited=&#8221;on|phone&#8221; max_width=&#8221;1200px&#8221; module_alignment=&#8221;center&#8221; custom_padding=&#8221;||0px||false|false&#8221; custom_padding_tablet=&#8221;||0px||false|false&#8221; custom_padding_phone=&#8221;||0px||false|false&#8221; use_custom_width=&#8221;on&#8221; width_unit=&#8221;off&#8221; custom_width_percent=&#8221;60%&#8221;][et_pb_column type=&#8221;1_2&#8243; _builder_version=&#8221;4.0.9&#8243; custom_padding=&#8221;|||&#8221; custom_padding__hover=&#8221;|||&#8221;][et_pb_text admin_label=&#8221;Fitxa de personal&#8221; _builder_version=&#8221;4.4.3&#8243; text_font=&#8221;||||||||&#8221; background_color=&#8221;rgba(130,23,28,0.1)&#8221; background_image=&#8221;https:\/\/fundacio.udl.cat\/wp-content\/uploads\/favicon.png&#8221; background_size=&#8221;contain&#8221; background_position=&#8221;top_left&#8221; custom_padding=&#8221;5%|5%|5%|30%|true|false&#8221; custom_padding_tablet=&#8221;&#8221; custom_padding_phone=&#8221;|||40%|true|false&#8221; custom_padding_last_edited=&#8221;on|phone&#8221; box_shadow_style=&#8221;preset4&#8243; box_shadow_horizontal=&#8221;5px&#8221; box_shadow_vertical=&#8221;5px&#8221; box_shadow_color=&#8221;#82171c&#8221;]<\/p>\n<h4>Merc\u00e8 Balcells Fluvi\u00e0<\/h4>\n<p><em>Director<\/em><br \/>\n<a href=\"mailto:fundacio.direccio@udl.cat\" target=\"_blank\" rel=\"noopener noreferrer\">fundacio.direccio@udl.cat<\/a><br \/>\n973 00 35 28<br \/>\n[\/et_pb_text][\/et_pb_column][et_pb_column type=&#8221;1_2&#8243; _builder_version=&#8221;4.0.9&#8243; custom_padding=&#8221;|||&#8221; custom_padding__hover=&#8221;|||&#8221;][et_pb_text disabled_on=&#8221;on|on|on&#8221; admin_label=&#8221;Fitxa de personal&#8221; _builder_version=&#8221;4.0.9&#8243; text_font=&#8221;||||||||&#8221; background_color=&#8221;rgba(130,23,28,0.1)&#8221; background_image=&#8221;https:\/\/fundacio.udl.cat\/wp-content\/uploads\/Merce\u0300.jpg&#8221; background_size=&#8221;contain&#8221; background_position=&#8221;top_left&#8221; custom_padding=&#8221;5%|5%|5%|30%|true|false&#8221; custom_padding_tablet=&#8221;&#8221; custom_padding_phone=&#8221;|||40%|true|false&#8221; custom_padding_last_edited=&#8221;on|phone&#8221; box_shadow_style=&#8221;preset4&#8243; box_shadow_horizontal=&#8221;5px&#8221; box_shadow_vertical=&#8221;5px&#8221; box_shadow_color=&#8221;#82171c&#8221; disabled=&#8221;on&#8221;]<\/p>\n<h4>Merc\u00e8 Sala R\u00edos<\/h4>\n<p><em>Coordinator of University-Enterprise Relations<\/em><br \/>\n<a href=\"mailto:coordinacio.fundacio@udl.cat\" target=\"_blank\" rel=\"noopener noreferrer\">coordinacio.fundacio@udl.cat<\/a><br \/>\n973 00 35 29[\/et_pb_text][\/et_pb_column][\/et_pb_row][et_pb_row column_structure=&#8221;1_2,1_2&#8243; use_custom_gutter=&#8221;on&#8221; gutter_width=&#8221;2&#8243; make_equal=&#8221;on&#8221; custom_padding_last_edited=&#8221;on|desktop&#8221; _builder_version=&#8221;4.0.9&#8243; width=&#8221;100%&#8221; width_tablet=&#8221;&#8221; width_phone=&#8221;100%&#8221; width_last_edited=&#8221;on|phone&#8221; max_width=&#8221;1200px&#8221; module_alignment=&#8221;center&#8221; custom_padding_tablet=&#8221;||0px||false|false&#8221; custom_padding_phone=&#8221;||0px||false|false&#8221; use_custom_width=&#8221;on&#8221; width_unit=&#8221;off&#8221; custom_width_percent=&#8221;60%&#8221;][et_pb_column type=&#8221;1_2&#8243; _builder_version=&#8221;4.0.9&#8243; custom_padding=&#8221;|||&#8221; custom_padding__hover=&#8221;|||&#8221;][et_pb_text admin_label=&#8221;Fitxa de personal&#8221; _builder_version=&#8221;4.0.9&#8243; text_font=&#8221;||||||||&#8221; background_color=&#8221;rgba(130,23,28,0.1)&#8221; background_image=&#8221;https:\/\/fundacio.udl.cat\/wp-content\/uploads\/Marta.jpg&#8221; background_size=&#8221;contain&#8221; background_position=&#8221;top_left&#8221; custom_padding=&#8221;5%|5%|5%|30%|true|false&#8221; custom_padding_tablet=&#8221;&#8221; custom_padding_phone=&#8221;|||40%|true|false&#8221; custom_padding_last_edited=&#8221;on|phone&#8221; hover_enabled=&#8221;0&#8243; box_shadow_style=&#8221;preset4&#8243; box_shadow_horizontal=&#8221;5px&#8221; box_shadow_vertical=&#8221;5px&#8221; box_shadow_color=&#8221;#82171c&#8221;]<\/p>\n<h4>Marta Iglesias Perramon<\/h4>\n<p><em>Project management<\/em><br \/>\n<a href=\"mailto:marta.iglesias@udl.cat\" target=\"_blank\" rel=\"noopener noreferrer\">marta.iglesias@udl.cat<\/a><br \/>\n973 00 35 58[\/et_pb_text][\/et_pb_column][et_pb_column type=&#8221;1_2&#8243; _builder_version=&#8221;4.0.9&#8243; custom_padding=&#8221;|||&#8221; custom_padding__hover=&#8221;|||&#8221;][et_pb_text admin_label=&#8221;Fitxa de personal&#8221; _builder_version=&#8221;4.0.9&#8243; text_font=&#8221;||||||||&#8221; background_color=&#8221;rgba(130,23,28,0.1)&#8221; background_image=&#8221;https:\/\/fundacio.udl.cat\/wp-content\/uploads\/Sara.jpg&#8221; background_size=&#8221;contain&#8221; background_position=&#8221;top_left&#8221; custom_padding=&#8221;5%|5%|5%|30%|true|false&#8221; custom_padding_tablet=&#8221;&#8221; custom_padding_phone=&#8221;|||40%|true|false&#8221; custom_padding_last_edited=&#8221;on|phone&#8221; hover_enabled=&#8221;0&#8243; box_shadow_style=&#8221;preset4&#8243; box_shadow_horizontal=&#8221;5px&#8221; box_shadow_vertical=&#8221;5px&#8221; box_shadow_color=&#8221;#82171c&#8221;]<\/p>\n<h4>Sara Bastien Henri<\/h4>\n<p><em>Project management<\/em><a href=\"mailto:sara.bastien@udl.cat\" target=\"_blank\" rel=\"noopener noreferrer\"><br \/>\nsara.bastien@udl.cat<\/a><br \/>\n973 00 35 57[\/et_pb_text][\/et_pb_column][\/et_pb_row][\/et_pb_section]<\/p>\n","protected":false},"excerpt":{"rendered":"<p>Merc\u00e8 Balcells Fluvi\u00e0 Director fundacio.direccio@udl.cat 973 00 35 28 Merc\u00e8 Sala R\u00edos Coordinator of University-Enterprise Relations coordinacio.fundacio@udl.cat 973 00 35 29Marta Iglesias Perramon Project management marta.iglesias@udl.cat 973 00 35 58Sara Bastien Henri Project management sara.bastien@udl.cat 973 00 35 57<\/p>\n","protected":false},"author":6,"featured_media":0,"parent":1526,"menu_order":2,"comment_status":"closed","ping_status":"closed","template":"","meta":{"_et_pb_use_builder":"on","_et_pb_old_content":"<!-- wp:paragraph -->\r\n<p>This is an example page. It's different from a blog post because it will stay in one place and will show up in your site navigation (in most themes). Most people start with an About page that introduces them to potential site visitors. It might say something like this:<\/p>\r\n<!-- \/wp:paragraph -->\r\n\r\n<!-- wp:quote -->\r\n<blockquote class=\"wp-block-quote\"><p>Hi there! I'm a bike messenger by day, aspiring actor by night, and this is my website. I live in Los Angeles, have a great dog named Jack, and I like pi\u00f1a coladas. (And gettin' caught in the rain.)<\/p><\/blockquote>\r\n<!-- \/wp:quote -->\r\n\r\n<!-- wp:paragraph -->\r\n<p>...or something like this:<\/p>\r\n<!-- \/wp:paragraph -->\r\n\r\n<!-- wp:quote -->\r\n<blockquote class=\"wp-block-quote\"><p>The XYZ Doohickey Company was founded in 1971, and has been providing quality doohickeys to the public ever since. Located in Gotham City, XYZ employs over 2,000 people and does all kinds of awesome things for the Gotham community.<\/p><\/blockquote>\r\n<!-- \/wp:quote -->\r\n\r\n<!-- wp:paragraph -->\r\n<p>As a new WordPress user, you should go to <a href=\"https:\/\/fundacio.udl.cat\/wp-admin\/\">your dashboard<\/a> to delete this page and create new pages for your content. Have fun!<\/p>\r\n<!-- \/wp:paragraph -->","_et_gb_content_width":"","footnotes":""},"_links":{"self":[{"href":"https:\/\/fundacio.udl.cat\/en\/wp-json\/wp\/v2\/pages\/1528"}],"collection":[{"href":"https:\/\/fundacio.udl.cat\/en\/wp-json\/wp\/v2\/pages"}],"about":[{"href":"https:\/\/fundacio.udl.cat\/en\/wp-json\/wp\/v2\/types\/page"}],"author":[{"embeddable":true,"href":"https:\/\/fundacio.udl.cat\/en\/wp-json\/wp\/v2\/users\/6"}],"replies":[{"embeddable":true,"href":"https:\/\/fundacio.udl.cat\/en\/wp-json\/wp\/v2\/comments?post=1528"}],"version-history":[{"count":9,"href":"https:\/\/fundacio.udl.cat\/en\/wp-json\/wp\/v2\/pages\/1528\/revisions"}],"predecessor-version":[{"id":3248,"href":"https:\/\/fundacio.udl.cat\/en\/wp-json\/wp\/v2\/pages\/1528\/revisions\/3248"}],"up":[{"embeddable":true,"href":"https:\/\/fundacio.udl.cat\/en\/wp-json\/wp\/v2\/pages\/1526"}],"wp:attachment":[{"href":"https:\/\/fundacio.udl.cat\/en\/wp-json\/wp\/v2\/media?parent=1528"}],"curies":[{"name":"wp","href":"https:\/\/api.w.org\/{rel}","templated":true}]}}