{"id":1526,"date":"2019-04-01T12:34:17","date_gmt":"2019-04-01T11:34:17","guid":{"rendered":"https:\/\/fundacio.udl.cat\/presentation\/"},"modified":"2026-04-08T14:34:37","modified_gmt":"2026-04-08T13:34:37","slug":"presentation","status":"publish","type":"page","link":"https:\/\/fundacio.udl.cat\/en\/presentation\/","title":{"rendered":"Presentation"},"content":{"rendered":"<p>[et_pb_section fb_built=&#8221;1&#8243; custom_padding_last_edited=&#8221;on|tablet&#8221; admin_label=&#8221;Cap\u00e7alera Fundaci\u00f3 UdL -NO CAL EDITAR-&#8221; _builder_version=&#8221;4.16&#8243; use_background_color_gradient=&#8221;on&#8221; background_color_gradient_stops=&#8221;rgba(0,0,0,0.2) 0%|rgba(41,196,169,0) 60%&#8221; background_color_gradient_overlays_image=&#8221;on&#8221; background_color_gradient_start=&#8221;rgba(0,0,0,0.2)&#8221; background_color_gradient_end=&#8221;rgba(41,196,169,0)&#8221; background_color_gradient_end_position=&#8221;60%&#8221; background_image=&#8221;https:\/\/fundacio.udl.cat\/wp-content\/uploads\/pere-cabrera_2-scaled.jpg&#8221; background_position=&#8221;center_right&#8221; custom_padding=&#8221;60px||10px&#8221; custom_padding_tablet=&#8221;10px||10px&#8221; custom_padding_phone=&#8221;&#8221; background_color_gradient_stops_tablet=&#8221;rgba(0,0,0,0.2) 0%|rgba(41,196,169,0) 60%&#8221; background_color_gradient_stops_phone=&#8221;rgba(0,0,0,0.2) 0%|rgba(41,196,169,0) 60%&#8221; global_module=&#8221;226&#8243; collapsed=&#8221;on&#8221; global_colors_info=&#8221;{}&#8221;][et_pb_row _builder_version=&#8221;4.16&#8243; background_size=&#8221;initial&#8221; background_position=&#8221;top_left&#8221; background_repeat=&#8221;repeat&#8221; global_colors_info=&#8221;{}&#8221;][et_pb_column type=&#8221;4_4&#8243; _builder_version=&#8221;4.16&#8243; custom_padding=&#8221;|||&#8221; global_colors_info=&#8221;{}&#8221; custom_padding__hover=&#8221;|||&#8221;]<\/p>\n<p>[et_pb_post_title meta=&#8221;off&#8221; featured_image=&#8221;off&#8221; _builder_version=&#8221;4.0.6&#8243; title_font=&#8221;||||||||&#8221; title_text_color=&#8221;#ffffff&#8221; title_font_size=&#8221;3em&#8221; title_font_size_tablet=&#8221;2.5em&#8221; title_font_size_phone=&#8221;2em&#8221; title_font_size_last_edited=&#8221;on|phone&#8221; title_text_shadow_style=&#8221;preset3&#8243;][\/et_pb_post_title]<\/p>\n<p>[\/et_pb_column][\/et_pb_row][\/et_pb_section][et_pb_section fb_built=&#8221;1&#8243; _builder_version=&#8221;4.16&#8243; global_colors_info=&#8221;{}&#8221;][et_pb_row column_structure=&#8221;3_5,2_5&#8243; _builder_version=&#8221;4.16&#8243; global_colors_info=&#8221;{}&#8221;][et_pb_column type=&#8221;3_5&#8243; _builder_version=&#8221;4.16&#8243; custom_padding=&#8221;|||&#8221; global_colors_info=&#8221;{}&#8221; custom_padding__hover=&#8221;|||&#8221;][et_pb_text admin_label=&#8221;Text&#8221; _builder_version=&#8221;4.16&#8243; global_colors_info=&#8221;{}&#8221;]The University of Lleida Foundation is a non-profit organisation which, following the University\u2019s will, aims to achieve objectives of general interest that will benefit both <strong>the university community and society.<\/strong><\/p>\n<p>The objectives of general interest of the Foundation are twofold: the <strong>promotion of relations between the University of Lleida and the socio-economic and cultural environment<\/strong>, which encourage scientific, humanistic and technical<strong> research<\/strong>; and <strong>technical innovation<\/strong> in relation with enterprises and society development.<br \/>\n[\/et_pb_text][et_pb_button button_url=&#8221;https:\/\/fundacio.udl.cat\/wp-content\/uploads\/Estatuts-Fundacio-UdL.pdf&#8221; url_new_window=&#8221;on&#8221; button_text=&#8221;Statutes (PDF)&#8221; admin_label=&#8221;Estatuts (PDF)&#8221; _builder_version=&#8221;4.25.0&#8243; background_layout=&#8221;dark&#8221; global_colors_info=&#8221;{}&#8221;]<br \/>\n[\/et_pb_button][et_pb_image src=&#8221;https:\/\/fundacio.udl.cat\/wp-content\/uploads\/interior_2-scaled.jpg&#8221; align_tablet=&#8221;center&#8221; align_phone=&#8221;&#8221; align_last_edited=&#8221;on|desktop&#8221; admin_label=&#8221;Imatge&#8221; _builder_version=&#8221;4.16&#8243; global_colors_info=&#8221;{}&#8221;]<br \/>\n[\/et_pb_image][\/et_pb_column][et_pb_column type=&#8221;2_5&#8243; _builder_version=&#8221;4.16&#8243; custom_padding=&#8221;|||&#8221; global_colors_info=&#8221;{}&#8221; custom_padding__hover=&#8221;|||&#8221;][et_pb_text admin_label=&#8221;Estructura&#8221; _builder_version=&#8221;4.25.0&#8243; hover_enabled=&#8221;0&#8243; global_colors_info=&#8221;{}&#8221; sticky_enabled=&#8221;0&#8243;]<\/p>\n<h2>Structure<\/h2>\n<p>The administration, management or representation of the Foundation corresponds to the following governing bodies:<\/p>\n<ul>\n<li>Board of Trustees<\/li>\n<li>Management Board<\/li>\n<\/ul>\n<h4>BOARD OF TRUSTEES<\/h4>\n<ul>\n<li>M. \u00c0ngels Balsells Bail\u00f3n, President<\/li>\n<li>M. Carmen Chia Forradellas, Vice president<\/li>\n<li>C\u00e9sar Cierco Seira, Secretary<\/li>\n<li>Carles Alsinet Mora<\/li>\n<li>Ferran Badia Pascual<\/li>\n<li>Guillem Boira Herreros<\/li>\n<li>Joan Caba Muntada<\/li>\n<li>M. Teresa Calder\u00f3 Peralta<\/li>\n<li>Maria Pau Cornad\u00f3 Teixid\u00f3<\/li>\n<li>M. Ant\u00f2nia Mart\u00ed Teruel<\/li>\n<li>Eva Mart\u00edn Fuentes<\/li>\n<li>Jaume Salt\u00f3 Albareda<\/li>\n<li>Vanesa Sams\u00f3 Casals<\/li>\n<li>Josep Maria Sent\u00eds Su\u00f1\u00e9<\/li>\n<li>Dom\u00e8nec Vila Navarra<\/li>\n<\/ul>\n<h4>MANAGEMENT BOARD<\/h4>\n<ul>\n<li>Merc\u00e8 Balcells Fluvi\u00e0<\/li>\n<\/ul>\n<p>[\/et_pb_text][\/et_pb_column][\/et_pb_row][\/et_pb_section]<\/p>\n","protected":false},"excerpt":{"rendered":"<p>The University of Lleida Foundation is a non-profit organisation which, following the University\u2019s will, aims to achieve objectives of general interest that will benefit both the university community and society. The objectives of general interest of the Foundation are twofold: the promotion of relations between the University of Lleida and the socio-economic and cultural environment, [&hellip;]<\/p>\n","protected":false},"author":6,"featured_media":0,"parent":0,"menu_order":0,"comment_status":"closed","ping_status":"closed","template":"","meta":{"_et_pb_use_builder":"on","_et_pb_old_content":"","_et_gb_content_width":"","footnotes":""},"_links":{"self":[{"href":"https:\/\/fundacio.udl.cat\/en\/wp-json\/wp\/v2\/pages\/1526"}],"collection":[{"href":"https:\/\/fundacio.udl.cat\/en\/wp-json\/wp\/v2\/pages"}],"about":[{"href":"https:\/\/fundacio.udl.cat\/en\/wp-json\/wp\/v2\/types\/page"}],"author":[{"embeddable":true,"href":"https:\/\/fundacio.udl.cat\/en\/wp-json\/wp\/v2\/users\/6"}],"replies":[{"embeddable":true,"href":"https:\/\/fundacio.udl.cat\/en\/wp-json\/wp\/v2\/comments?post=1526"}],"version-history":[{"count":19,"href":"https:\/\/fundacio.udl.cat\/en\/wp-json\/wp\/v2\/pages\/1526\/revisions"}],"predecessor-version":[{"id":6269,"href":"https:\/\/fundacio.udl.cat\/en\/wp-json\/wp\/v2\/pages\/1526\/revisions\/6269"}],"wp:attachment":[{"href":"https:\/\/fundacio.udl.cat\/en\/wp-json\/wp\/v2\/media?parent=1526"}],"curies":[{"name":"wp","href":"https:\/\/api.w.org\/{rel}","templated":true}]}}