{"id":1524,"date":"2019-02-19T15:19:23","date_gmt":"2019-02-19T14:19:23","guid":{"rendered":"https:\/\/fundacio.udl.cat\/politica-de-privacitat\/"},"modified":"2025-10-03T09:27:21","modified_gmt":"2025-10-03T08:27:21","slug":"politica-de-privacitat","status":"publish","type":"page","link":"https:\/\/fundacio.udl.cat\/en\/politica-de-privacitat\/","title":{"rendered":"Pol\u00edtica de privacitat"},"content":{"rendered":"<p>[et_pb_section fb_built=&#8221;1&#8243; custom_padding_last_edited=&#8221;on|tablet&#8221; admin_label=&#8221;Cap\u00e7alera Fundaci\u00f3 UdL -NO CAL EDITAR-&#8221; _builder_version=&#8221;4.16&#8243; use_background_color_gradient=&#8221;on&#8221; background_color_gradient_stops=&#8221;rgba(0,0,0,0.2) 0%|rgba(41,196,169,0) 60%&#8221; background_color_gradient_overlays_image=&#8221;on&#8221; background_color_gradient_start=&#8221;rgba(0,0,0,0.2)&#8221; background_color_gradient_end=&#8221;rgba(41,196,169,0)&#8221; background_color_gradient_end_position=&#8221;60%&#8221; background_image=&#8221;https:\/\/fundacio.udl.cat\/wp-content\/uploads\/pere-cabrera_2-scaled.jpg&#8221; background_position=&#8221;center_right&#8221; custom_padding=&#8221;60px||10px&#8221; custom_padding_tablet=&#8221;10px||10px&#8221; custom_padding_phone=&#8221;&#8221; background_color_gradient_stops_tablet=&#8221;rgba(0,0,0,0.2) 0%|rgba(41,196,169,0) 60%&#8221; background_color_gradient_stops_phone=&#8221;rgba(0,0,0,0.2) 0%|rgba(41,196,169,0) 60%&#8221; global_module=&#8221;226&#8243; collapsed=&#8221;on&#8221; global_colors_info=&#8221;{}&#8221;][et_pb_row _builder_version=&#8221;4.16&#8243; background_size=&#8221;initial&#8221; background_position=&#8221;top_left&#8221; background_repeat=&#8221;repeat&#8221; global_colors_info=&#8221;{}&#8221;][et_pb_column type=&#8221;4_4&#8243; _builder_version=&#8221;4.16&#8243; custom_padding=&#8221;|||&#8221; global_colors_info=&#8221;{}&#8221; custom_padding__hover=&#8221;|||&#8221;]<\/p>\n<p>[et_pb_post_title meta=&#8221;off&#8221; featured_image=&#8221;off&#8221; _builder_version=&#8221;4.16&#8243; title_font=&#8221;||||||||&#8221; title_text_color=&#8221;#ffffff&#8221; title_font_size=&#8221;3em&#8221; title_font_size_tablet=&#8221;2.5em&#8221; title_font_size_phone=&#8221;2em&#8221; title_font_size_last_edited=&#8221;on|phone&#8221; title_text_shadow_style=&#8221;preset3&#8243; global_colors_info=&#8221;{}&#8221;][\/et_pb_post_title]<\/p>\n<p>[\/et_pb_column][\/et_pb_row][\/et_pb_section][et_pb_section fb_built=&#8221;1&#8243; _builder_version=&#8221;4.16&#8243; global_colors_info=&#8221;{}&#8221;][et_pb_row _builder_version=&#8221;4.16&#8243; background_size=&#8221;initial&#8221; background_position=&#8221;top_left&#8221; background_repeat=&#8221;repeat&#8221; global_colors_info=&#8221;{}&#8221;][et_pb_column type=&#8221;4_4&#8243; _builder_version=&#8221;4.16&#8243; custom_padding=&#8221;|||&#8221; global_colors_info=&#8221;{}&#8221; custom_padding__hover=&#8221;|||&#8221;][et_pb_text _builder_version=&#8221;4.25.0&#8243; background_size=&#8221;initial&#8221; background_position=&#8221;top_left&#8221; background_repeat=&#8221;repeat&#8221; hover_enabled=&#8221;0&#8243; global_colors_info=&#8221;{}&#8221; sticky_enabled=&#8221;0&#8243;]<\/p>\n<p><strong>1. Protecci\u00f3n de datos y pol\u00edtica de privacidad<br \/><\/strong><\/p>\n<p>Fundacio Universitat de Lleida le informa que por medio de este sitio Web se recogen datos de car\u00e1cter personal necesarios para la gesti\u00f3n y mantenimiento de nuestros servicios. Dichos datos son incluidos en nuestros ficheros, que se encuentran debidamente inscritos en el Registro de la Agencia Espa\u00f1ola de Protecci\u00f3n de Datos. Fundacio Universitat de Lleida fue constituida el 12 de junio de 1996 ante el notario del Ilustre Colegio de Barcelona Sr. Jos\u00e9 Manuel Villafranca, e inscrita al Registro de Fundaciones de la Generalitat de Catalu\u00f1a con el n\u00famero 1021, por Resoluci\u00f3n de la Consejera de Justicia de 27 de noviembre de 1996.<\/p>\n<p>Sin perjuicio de las finalidades que en cada caso se indiquen, dicha informaci\u00f3n ser\u00e1 guardada y gestionada con su debida confidencialidad, aplicando las medidas de seguridad del Real Decreto 1720\/2007, de 21 de diciembre.<\/p>\n<p>Fundacio Universitat de Lleida respeta la privacidad de sus usuarios en Internet y considera primordial la protecci\u00f3n de todas las actividades que se realicen en Internet. La entidad se compromete a manipular toda la informaci\u00f3n proporcionada por el usuario con la mayor cura y de forma responsable en especial a colaboradores y terceros.<\/p>\n<p>Fundacio Universitat de Lleida no asume responsabilidad de terceros siempre que no se indique expresamente.<\/p>\n<p><strong>2. Recopilaci\u00f3n, tratamiento y utilizaci\u00f3n de datos personales<\/strong><\/p>\n<p>Fundacio Universitat de Lleida recopila, almacena y procesa datos personales de acuerdo con las disposiciones legales vigentes. La finalidad de la recogida de datos ser\u00e1 la solicitada en cada caso. El usuario autoriza de forma expresa el env\u00edo de informaci\u00f3n de nuestros productos y servicios.<\/p>\n<p>El usuario podr\u00e1 ejercer sus derechos de acceso, rectificaci\u00f3n, cancelaci\u00f3n y oposici\u00f3n enviando un correo electr\u00f3nico a fundacio@udl.cat indicando el derecho que desea ejercer.<\/p>\n<p><strong>3. Ley 34\/2002, de 11 de julio, de servicios de la sociedad de la informaci\u00f3n y de comercio electr\u00f3nico<\/strong><\/p>\n<p>En cumplimiento con el art\u00edculo 10 de la Ley 34\/2002, del 11 de julio, de servicios de la Sociedad de la Informaci\u00f3n y Comercio Electr\u00f3nico (LSSICE) se exponen a continuaci\u00f3n los datos identificativos de la empresa.<\/p>\n<p>Denominaci\u00f3n social: Fundaci\u00f3 Universitat de Lleida<br \/>Domicilio social: Calle Pere Cabrera, 5 25001 Lleida Lleida (Espa\u00f1a)<br \/>CIF: G25372897<br \/>Correo electr\u00f3nico: fundacio@udl.cat<br \/>Tel\u00e9fono: +34 973 00 35 57<\/p>\n<p>[\/et_pb_text][\/et_pb_column][\/et_pb_row][\/et_pb_section]<\/p>\n","protected":false},"excerpt":{"rendered":"<p>1. Protecci\u00f3n de datos y pol\u00edtica de privacidad Fundacio Universitat de Lleida le informa que por medio de este sitio Web se recogen datos de car\u00e1cter personal necesarios para la gesti\u00f3n y mantenimiento de nuestros servicios. Dichos datos son incluidos en nuestros ficheros, que se encuentran debidamente inscritos en el Registro de la Agencia Espa\u00f1ola [&hellip;]<\/p>\n","protected":false},"author":6,"featured_media":0,"parent":0,"menu_order":0,"comment_status":"closed","ping_status":"closed","template":"","meta":{"_et_pb_use_builder":"on","_et_pb_old_content":"","_et_gb_content_width":"","footnotes":""},"_links":{"self":[{"href":"https:\/\/fundacio.udl.cat\/en\/wp-json\/wp\/v2\/pages\/1524"}],"collection":[{"href":"https:\/\/fundacio.udl.cat\/en\/wp-json\/wp\/v2\/pages"}],"about":[{"href":"https:\/\/fundacio.udl.cat\/en\/wp-json\/wp\/v2\/types\/page"}],"author":[{"embeddable":true,"href":"https:\/\/fundacio.udl.cat\/en\/wp-json\/wp\/v2\/users\/6"}],"replies":[{"embeddable":true,"href":"https:\/\/fundacio.udl.cat\/en\/wp-json\/wp\/v2\/comments?post=1524"}],"version-history":[{"count":6,"href":"https:\/\/fundacio.udl.cat\/en\/wp-json\/wp\/v2\/pages\/1524\/revisions"}],"predecessor-version":[{"id":5910,"href":"https:\/\/fundacio.udl.cat\/en\/wp-json\/wp\/v2\/pages\/1524\/revisions\/5910"}],"wp:attachment":[{"href":"https:\/\/fundacio.udl.cat\/en\/wp-json\/wp\/v2\/media?parent=1524"}],"curies":[{"name":"wp","href":"https:\/\/api.w.org\/{rel}","templated":true}]}}