{"id":446,"date":"2019-10-02T16:29:19","date_gmt":"2019-10-02T15:29:19","guid":{"rendered":"http:\/\/fundacio.udl.cat.188-164-197-168.hst.cat\/?page_id=446"},"modified":"2020-02-06T08:24:44","modified_gmt":"2020-02-06T07:24:44","slug":"altres-serveis","status":"publish","type":"page","link":"https:\/\/fundacio.udl.cat\/ca\/altres-serveis\/","title":{"rendered":"Altres serveis"},"content":{"rendered":"<p>[et_pb_section fb_built=&#8221;1&#8243; custom_padding_last_edited=&#8221;on|tablet&#8221; admin_label=&#8221;Cap\u00e7alera Altres serveis -NO CAL EDITAR-&#8221; _builder_version=&#8221;4.0.9&#8243; use_background_color_gradient=&#8221;on&#8221; background_color_gradient_start=&#8221;rgba(0,0,0,0.2)&#8221; background_color_gradient_end=&#8221;rgba(41,196,169,0)&#8221; background_color_gradient_end_position=&#8221;60%&#8221; background_color_gradient_overlays_image=&#8221;on&#8221; background_image=&#8221;https:\/\/fundacio.udl.cat\/wp-content\/uploads\/udl-lleida-cursos-internacionals.jpg&#8221; background_position=&#8221;top_center&#8221; custom_padding=&#8221;60px||10px&#8221; custom_padding_tablet=&#8221;10px||10px&#8221; custom_padding_phone=&#8221;&#8221; global_module=&#8221;587&#8243; saved_tabs=&#8221;all&#8221; locked=&#8221;off&#8221; collapsed=&#8221;on&#8221;][et_pb_row _builder_version=&#8221;3.29.3&#8243; background_size=&#8221;initial&#8221; background_position=&#8221;top_left&#8221; background_repeat=&#8221;repeat&#8221;][et_pb_column type=&#8221;4_4&#8243; _builder_version=&#8221;3.29.3&#8243;][et_pb_post_title meta=&#8221;off&#8221; featured_image=&#8221;off&#8221; _builder_version=&#8221;4.0.6&#8243; title_font=&#8221;||||||||&#8221; title_text_color=&#8221;#ffffff&#8221; title_font_size=&#8221;3em&#8221; title_font_size_tablet=&#8221;2.5em&#8221; title_font_size_phone=&#8221;2em&#8221; title_font_size_last_edited=&#8221;on|phone&#8221; title_text_shadow_style=&#8221;preset3&#8243;][\/et_pb_post_title][\/et_pb_column][\/et_pb_row][\/et_pb_section][et_pb_section fb_built=&#8221;1&#8243; _builder_version=&#8221;3.22&#8243; hover_enabled=&#8221;0&#8243;][et_pb_row column_structure=&#8221;1_2,1_2&#8243; _builder_version=&#8221;3.25&#8243;][et_pb_column type=&#8221;1_2&#8243; _builder_version=&#8221;3.25&#8243; custom_padding=&#8221;|||&#8221; custom_padding__hover=&#8221;|||&#8221;][et_pb_text admin_label=&#8221;Formaci\u00f3 especialitzada&#8221; _builder_version=&#8221;4.0.6&#8243;]<\/p>\n<h3>Formaci\u00f3 especialitzada<\/h3>\n<p>[\/et_pb_text][et_pb_text admin_label=&#8221;Text&#8221; _builder_version=&#8221;4.0.9&#8243; custom_margin=&#8221;|60px||||&#8221; custom_margin_tablet=&#8221;|auto|||false|false&#8221; custom_margin_phone=&#8221;&#8221; custom_margin_last_edited=&#8221;on|desktop&#8221; hover_enabled=&#8221;0&#8243;]<\/p>\n<p>La Fundaci\u00f3 UdL organitza activitats formatives multidisciplin\u00e0ries, tant d\u2019ampliaci\u00f3 de coneixements com d\u2019especialitzaci\u00f3.<\/p>\n<p>Es tracta d\u2019activitats v\u00e0ries adre\u00e7ades a estudiants, t\u00e8cnics i professionals que desitgin millorar les seves compet\u00e8ncies o actualitzar coneixements. La Fundaci\u00f3 pot planificar cursos a mida per una instituci\u00f3 o empresa determinada d\u2019acord amb les seves necessitats formatives.<\/p>\n<p>[\/et_pb_text][\/et_pb_column][et_pb_column type=&#8221;1_2&#8243; _builder_version=&#8221;3.25&#8243; custom_padding=&#8221;|||&#8221; custom_padding__hover=&#8221;|||&#8221;][et_pb_text admin_label=&#8221;Cursos internacionals&#8221; _builder_version=&#8221;4.0.6&#8243;]<\/p>\n<h3>Cursos internacionals<\/h3>\n<p>[\/et_pb_text][et_pb_text admin_label=&#8221;Text&#8221; _builder_version=&#8221;4.0.9&#8243; hover_enabled=&#8221;0&#8243;]<\/p>\n<p>La Fundaci\u00f3 UdL ofereix cursos internacionals a demanda, amb continguts, activitats i serveis segons les necessitats de les universitats, institucions o empreses interessades.<\/p>\n<p>[\/et_pb_text][\/et_pb_column][\/et_pb_row][\/et_pb_section]<\/p>\n","protected":false},"excerpt":{"rendered":"<p>Formaci\u00f3 especialitzadaLa Fundaci\u00f3 UdL organitza activitats formatives multidisciplin\u00e0ries, tant d\u2019ampliaci\u00f3 de coneixements com d\u2019especialitzaci\u00f3. Es tracta d\u2019activitats v\u00e0ries adre\u00e7ades a estudiants, t\u00e8cnics i professionals que desitgin millorar les seves compet\u00e8ncies o actualitzar coneixements. La Fundaci\u00f3 pot planificar cursos a mida per una instituci\u00f3 o empresa determinada d\u2019acord amb les seves necessitats formatives. Cursos internacionalsLa Fundaci\u00f3 [&hellip;]<\/p>\n","protected":false},"author":6,"featured_media":0,"parent":0,"menu_order":0,"comment_status":"closed","ping_status":"closed","template":"","meta":{"_et_pb_use_builder":"on","_et_pb_old_content":"<!-- wp:paragraph -->\r\n<p>This is an example page. It's different from a blog post because it will stay in one place and will show up in your site navigation (in most themes). Most people start with an About page that introduces them to potential site visitors. It might say something like this:<\/p>\r\n<!-- \/wp:paragraph -->\r\n\r\n<!-- wp:quote -->\r\n<blockquote class=\"wp-block-quote\"><p>Hi there! I'm a bike messenger by day, aspiring actor by night, and this is my website. I live in Los Angeles, have a great dog named Jack, and I like pi\u00f1a coladas. (And gettin' caught in the rain.)<\/p><\/blockquote>\r\n<!-- \/wp:quote -->\r\n\r\n<!-- wp:paragraph -->\r\n<p>...or something like this:<\/p>\r\n<!-- \/wp:paragraph -->\r\n\r\n<!-- wp:quote -->\r\n<blockquote class=\"wp-block-quote\"><p>The XYZ Doohickey Company was founded in 1971, and has been providing quality doohickeys to the public ever since. Located in Gotham City, XYZ employs over 2,000 people and does all kinds of awesome things for the Gotham community.<\/p><\/blockquote>\r\n<!-- \/wp:quote -->\r\n\r\n<!-- wp:paragraph -->\r\n<p>As a new WordPress user, you should go to <a href=\"https:\/\/fundacio.udl.cat\/wp-admin\/\">your dashboard<\/a> to delete this page and create new pages for your content. Have fun!<\/p>\r\n<!-- \/wp:paragraph -->","_et_gb_content_width":"","footnotes":""},"_links":{"self":[{"href":"https:\/\/fundacio.udl.cat\/ca\/wp-json\/wp\/v2\/pages\/446"}],"collection":[{"href":"https:\/\/fundacio.udl.cat\/ca\/wp-json\/wp\/v2\/pages"}],"about":[{"href":"https:\/\/fundacio.udl.cat\/ca\/wp-json\/wp\/v2\/types\/page"}],"author":[{"embeddable":true,"href":"https:\/\/fundacio.udl.cat\/ca\/wp-json\/wp\/v2\/users\/6"}],"replies":[{"embeddable":true,"href":"https:\/\/fundacio.udl.cat\/ca\/wp-json\/wp\/v2\/comments?post=446"}],"version-history":[{"count":9,"href":"https:\/\/fundacio.udl.cat\/ca\/wp-json\/wp\/v2\/pages\/446\/revisions"}],"predecessor-version":[{"id":1204,"href":"https:\/\/fundacio.udl.cat\/ca\/wp-json\/wp\/v2\/pages\/446\/revisions\/1204"}],"wp:attachment":[{"href":"https:\/\/fundacio.udl.cat\/ca\/wp-json\/wp\/v2\/media?parent=446"}],"curies":[{"name":"wp","href":"https:\/\/api.w.org\/{rel}","templated":true}]}}