{"id":219,"date":"2019-04-01T12:34:17","date_gmt":"2019-04-01T11:34:17","guid":{"rendered":"http:\/\/fundacio.udl.cat.188-164-197-168.hst.cat\/?page_id=219"},"modified":"2026-04-08T14:29:53","modified_gmt":"2026-04-08T13:29:53","slug":"presentacio","status":"publish","type":"page","link":"https:\/\/fundacio.udl.cat\/ca\/presentacio\/","title":{"rendered":"Presentaci\u00f3"},"content":{"rendered":"<p>[et_pb_section fb_built=&#8221;1&#8243; custom_padding_last_edited=&#8221;on|tablet&#8221; admin_label=&#8221;Cap\u00e7alera Fundaci\u00f3 UdL -NO CAL EDITAR-&#8221; _builder_version=&#8221;4.16&#8243; use_background_color_gradient=&#8221;on&#8221; background_color_gradient_stops=&#8221;rgba(0,0,0,0.2) 0%|rgba(41,196,169,0) 60%&#8221; background_color_gradient_overlays_image=&#8221;on&#8221; background_color_gradient_start=&#8221;rgba(0,0,0,0.2)&#8221; background_color_gradient_end=&#8221;rgba(41,196,169,0)&#8221; background_color_gradient_end_position=&#8221;60%&#8221; background_image=&#8221;https:\/\/fundacio.udl.cat\/wp-content\/uploads\/pere-cabrera_2-scaled.jpg&#8221; background_position=&#8221;center_right&#8221; custom_padding=&#8221;60px||10px&#8221; custom_padding_tablet=&#8221;10px||10px&#8221; custom_padding_phone=&#8221;&#8221; background_color_gradient_stops_tablet=&#8221;rgba(0,0,0,0.2) 0%|rgba(41,196,169,0) 60%&#8221; background_color_gradient_stops_phone=&#8221;rgba(0,0,0,0.2) 0%|rgba(41,196,169,0) 60%&#8221; global_module=&#8221;226&#8243; collapsed=&#8221;on&#8221; global_colors_info=&#8221;{}&#8221;][et_pb_row _builder_version=&#8221;4.16&#8243; background_size=&#8221;initial&#8221; background_position=&#8221;top_left&#8221; background_repeat=&#8221;repeat&#8221; global_colors_info=&#8221;{}&#8221;][et_pb_column type=&#8221;4_4&#8243; _builder_version=&#8221;4.16&#8243; custom_padding=&#8221;|||&#8221; global_colors_info=&#8221;{}&#8221; custom_padding__hover=&#8221;|||&#8221;][et_pb_post_title meta=&#8221;off&#8221; featured_image=&#8221;off&#8221; _builder_version=&#8221;4.16&#8243; title_font=&#8221;||||||||&#8221; title_text_color=&#8221;#ffffff&#8221; title_font_size=&#8221;3em&#8221; title_font_size_tablet=&#8221;2.5em&#8221; title_font_size_phone=&#8221;2em&#8221; title_font_size_last_edited=&#8221;on|phone&#8221; title_text_shadow_style=&#8221;preset3&#8243; global_colors_info=&#8221;{}&#8221;][\/et_pb_post_title][\/et_pb_column][\/et_pb_row][\/et_pb_section][et_pb_section fb_built=&#8221;1&#8243; _builder_version=&#8221;4.16&#8243; global_colors_info=&#8221;{}&#8221;][et_pb_row column_structure=&#8221;3_5,2_5&#8243; _builder_version=&#8221;4.16&#8243; global_colors_info=&#8221;{}&#8221;][et_pb_column type=&#8221;3_5&#8243; _builder_version=&#8221;4.16&#8243; custom_padding=&#8221;|||&#8221; global_colors_info=&#8221;{}&#8221; custom_padding__hover=&#8221;|||&#8221;][et_pb_text admin_label=&#8221;Text&#8221; _builder_version=&#8221;4.16&#8243; global_colors_info=&#8221;{}&#8221;]<\/p>\n<p>La Fundaci\u00f3 Universitat de Lleida \u00e9s una organitzaci\u00f3 sense \u00e0nim de lucre que, per voluntat de la Universitat, es planteja assolir objectius d\u2019inter\u00e8s general, els beneficiaris dels quals s\u00f3n <strong>la comunitat universit\u00e0ria i la societat.<\/strong><\/p>\n<p>Entre els objectius d\u2019inter\u00e8s general de la Fundaci\u00f3 hi ha <strong>promoure les relacions entre la Universitat de Lleida i l\u2019entorn socioecon\u00f2mic i cultural<\/strong>, fomentant la <strong>recerca<\/strong> cient\u00edfica, human\u00edstica i t\u00e8cnica; aix\u00ed com la <strong>innovaci\u00f3 tecnol\u00f2gica<\/strong>, en relaci\u00f3 amb les empreses i el desenvolupament de la societat.<\/p>\n<p>[\/et_pb_text][et_pb_button button_url=&#8221;https:\/\/fundacio.udl.cat\/wp-content\/uploads\/Estatuts-Fundacio-UdL.pdf&#8221; url_new_window=&#8221;on&#8221; button_text=&#8221;Estatuts (PDF)&#8221; admin_label=&#8221;Estatuts (PDF)&#8221; _builder_version=&#8221;4.25.0&#8243; background_layout=&#8221;dark&#8221; global_colors_info=&#8221;{}&#8221;]<br \/>\n[\/et_pb_button][et_pb_image src=&#8221;https:\/\/fundacio.udl.cat\/wp-content\/uploads\/interior_2-scaled.jpg&#8221; align_tablet=&#8221;center&#8221; align_phone=&#8221;&#8221; align_last_edited=&#8221;on|desktop&#8221; admin_label=&#8221;Imatge&#8221; _builder_version=&#8221;4.16&#8243; global_colors_info=&#8221;{}&#8221;]<br \/>\n[\/et_pb_image][\/et_pb_column][et_pb_column type=&#8221;2_5&#8243; _builder_version=&#8221;4.16&#8243; custom_padding=&#8221;|||&#8221; global_colors_info=&#8221;{}&#8221; custom_padding__hover=&#8221;|||&#8221;][et_pb_text admin_label=&#8221;Estructura&#8221; _builder_version=&#8221;4.25.0&#8243; hover_enabled=&#8221;0&#8243; global_colors_info=&#8221;{}&#8221; sticky_enabled=&#8221;0&#8243;]<\/p>\n<h2>Estructura<\/h2>\n<p>L&#8217;administraci\u00f3, gesti\u00f3 o representaci\u00f3 de la Fundaci\u00f3, correspon als seg\u00fcents \u00f2rgans de govern:<\/p>\n<ul>\n<li>Patronat<\/li>\n<li>Direcci\u00f3<\/li>\n<\/ul>\n<h4>PATRONAT<\/h4>\n<ul>\n<li>M. \u00c0ngels Balsells Bail\u00f3n, Presidenta<\/li>\n<li>M. Carmen Chia Forradellas, Vicepresidenta<\/li>\n<li>C\u00e9sar Cierco Seira, Secretari<\/li>\n<li>Carles Alsinet Mora<\/li>\n<li>Ferran Badia Pascual<\/li>\n<li>Guillem Boira Herreros<\/li>\n<li>Joan Caba Muntada<\/li>\n<li>M. Teresa Calder\u00f3 Peralta<\/li>\n<li>Maria Pau Cornad\u00f3 Teixid\u00f3<\/li>\n<li>M. Ant\u00f2nia Mart\u00ed Teruel<\/li>\n<li>Eva Mart\u00edn Fuentes<\/li>\n<li>Jaume Salt\u00f3 Albareda<\/li>\n<li>Vanesa Sams\u00f3 Casals<\/li>\n<li>Josep Maria Sent\u00eds Su\u00f1\u00e9<\/li>\n<li>Dom\u00e8nec Vila Navarra<\/li>\n<\/ul>\n<h4>DIRECCI\u00d3<\/h4>\n<ul>\n<li>Merc\u00e8 Balcells Fluvi\u00e0<\/li>\n<\/ul>\n<p>[\/et_pb_text][\/et_pb_column][\/et_pb_row][\/et_pb_section]<\/p>\n","protected":false},"excerpt":{"rendered":"<p>La Fundaci\u00f3 Universitat de Lleida \u00e9s una organitzaci\u00f3 sense \u00e0nim de lucre que, per voluntat de la Universitat, es planteja assolir objectius d\u2019inter\u00e8s general, els beneficiaris dels quals s\u00f3n la comunitat universit\u00e0ria i la societat. Entre els objectius d\u2019inter\u00e8s general de la Fundaci\u00f3 hi ha promoure les relacions entre la Universitat de Lleida i l\u2019entorn [&hellip;]<\/p>\n","protected":false},"author":6,"featured_media":0,"parent":0,"menu_order":0,"comment_status":"closed","ping_status":"closed","template":"","meta":{"_et_pb_use_builder":"on","_et_pb_old_content":"<!-- wp:paragraph -->\r\n<p>This is an example page. It's different from a blog post because it will stay in one place and will show up in your site navigation (in most themes). Most people start with an About page that introduces them to potential site visitors. It might say something like this:<\/p>\r\n<!-- \/wp:paragraph -->\r\n\r\n<!-- wp:quote -->\r\n<blockquote class=\"wp-block-quote\"><p>Hi there! I'm a bike messenger by day, aspiring actor by night, and this is my website. I live in Los Angeles, have a great dog named Jack, and I like pi\u00f1a coladas. (And gettin' caught in the rain.)<\/p><\/blockquote>\r\n<!-- \/wp:quote -->\r\n\r\n<!-- wp:paragraph -->\r\n<p>...or something like this:<\/p>\r\n<!-- \/wp:paragraph -->\r\n\r\n<!-- wp:quote -->\r\n<blockquote class=\"wp-block-quote\"><p>The XYZ Doohickey Company was founded in 1971, and has been providing quality doohickeys to the public ever since. Located in Gotham City, XYZ employs over 2,000 people and does all kinds of awesome things for the Gotham community.<\/p><\/blockquote>\r\n<!-- \/wp:quote -->\r\n\r\n<!-- wp:paragraph -->\r\n<p>As a new WordPress user, you should go to <a href=\"https:\/\/fundacio.udl.cat\/wp-admin\/\">your dashboard<\/a> to delete this page and create new pages for your content. Have fun!<\/p>\r\n<!-- \/wp:paragraph -->","_et_gb_content_width":"","footnotes":""},"_links":{"self":[{"href":"https:\/\/fundacio.udl.cat\/ca\/wp-json\/wp\/v2\/pages\/219"}],"collection":[{"href":"https:\/\/fundacio.udl.cat\/ca\/wp-json\/wp\/v2\/pages"}],"about":[{"href":"https:\/\/fundacio.udl.cat\/ca\/wp-json\/wp\/v2\/types\/page"}],"author":[{"embeddable":true,"href":"https:\/\/fundacio.udl.cat\/ca\/wp-json\/wp\/v2\/users\/6"}],"replies":[{"embeddable":true,"href":"https:\/\/fundacio.udl.cat\/ca\/wp-json\/wp\/v2\/comments?post=219"}],"version-history":[{"count":22,"href":"https:\/\/fundacio.udl.cat\/ca\/wp-json\/wp\/v2\/pages\/219\/revisions"}],"predecessor-version":[{"id":6260,"href":"https:\/\/fundacio.udl.cat\/ca\/wp-json\/wp\/v2\/pages\/219\/revisions\/6260"}],"wp:attachment":[{"href":"https:\/\/fundacio.udl.cat\/ca\/wp-json\/wp\/v2\/media?parent=219"}],"curies":[{"name":"wp","href":"https:\/\/api.w.org\/{rel}","templated":true}]}}